{"id":230,"date":"2025-06-11T16:07:54","date_gmt":"2025-06-11T14:07:54","guid":{"rendered":"https:\/\/joesgym.dk\/?page_id=230"},"modified":"2026-02-15T17:34:11","modified_gmt":"2026-02-15T16:34:11","slug":"training-for-young-people","status":"publish","type":"page","link":"https:\/\/joesboxinggym.dk\/en\/traening-for-unge\/","title":{"rendered":"Training for young people"},"content":{"rendered":"<div data-elementor-type=\"wp-page\" data-elementor-id=\"230\" class=\"elementor elementor-230\" data-elementor-post-type=\"page\">\n\t\t\t\t<div class=\"elementor-element elementor-element-14ce24cf e-flex e-con-boxed e-con e-parent\" data-id=\"14ce24cf\" data-element_type=\"container\" data-e-type=\"container\" data-settings=\"{&quot;background_background&quot;:&quot;classic&quot;}\">\n\t\t\t\t\t<div class=\"e-con-inner\">\n\t\t<div class=\"elementor-element elementor-element-40e71ea0 e-con-full e-flex e-con e-child\" data-id=\"40e71ea0\" data-element_type=\"container\" data-e-type=\"container\" data-settings=\"{&quot;background_background&quot;:&quot;classic&quot;}\">\n\t\t<div class=\"elementor-element elementor-element-21233e2d e-con-full e-flex e-con e-child\" data-id=\"21233e2d\" data-element_type=\"container\" data-e-type=\"container\">\n\t\t\t\t<div class=\"elementor-element elementor-element-7eabb464 elementor-widget__width-inherit elementor-widget-divider--view-line elementor-widget elementor-widget-divider\" data-id=\"7eabb464\" data-element_type=\"widget\" data-e-type=\"widget\" data-widget_type=\"divider.default\">\n\t\t\t\t<div class=\"elementor-widget-container\">\n\t\t\t\t\t\t\t<div class=\"elementor-divider\">\n\t\t\t<span class=\"elementor-divider-separator\">\n\t\t\t\t\t\t<\/span>\n\t\t<\/div>\n\t\t\t\t\t\t<\/div>\n\t\t\t\t<\/div>\n\t\t\t\t<div class=\"elementor-element elementor-element-748b2744 elementor-widget__width-inherit elementor-widget elementor-widget-heading\" data-id=\"748b2744\" data-element_type=\"widget\" data-e-type=\"widget\" data-widget_type=\"heading.default\">\n\t\t\t\t<div class=\"elementor-widget-container\">\n\t\t\t\t\t<h1 class=\"elementor-heading-title elementor-size-default\">Training for young people<\/h1>\t\t\t\t<\/div>\n\t\t\t\t<\/div>\n\t\t\t\t<\/div>\n\t\t\t\t<\/div>\n\t\t\t\t\t<\/div>\n\t\t\t\t<\/div>\n\t\t<div class=\"elementor-element elementor-element-386a2230 e-flex e-con-boxed e-con e-parent\" data-id=\"386a2230\" data-element_type=\"container\" data-e-type=\"container\">\n\t\t\t\t\t<div class=\"e-con-inner\">\n\t\t<div class=\"elementor-element elementor-element-2b407b5 e-con-full e-flex e-con e-child\" data-id=\"2b407b5\" data-element_type=\"container\" data-e-type=\"container\">\n\t\t<div class=\"elementor-element elementor-element-783a723e e-con-full e-flex e-con e-child\" data-id=\"783a723e\" data-element_type=\"container\" data-e-type=\"container\" data-settings=\"{&quot;background_background&quot;:&quot;classic&quot;}\">\n\t\t\t\t<\/div>\n\t\t<div class=\"elementor-element elementor-element-3ff35741 e-con-full e-flex e-con e-child\" data-id=\"3ff35741\" data-element_type=\"container\" data-e-type=\"container\">\n\t\t<div class=\"elementor-element elementor-element-7695251a e-con-full e-flex e-con e-child\" data-id=\"7695251a\" data-element_type=\"container\" data-e-type=\"container\">\n\t\t\t\t<div class=\"elementor-element elementor-element-72795b57 elementor-icon-list--layout-inline elementor-list-item-link-full_width elementor-widget elementor-widget-icon-list\" data-id=\"72795b57\" data-element_type=\"widget\" data-e-type=\"widget\" data-widget_type=\"icon-list.default\">\n\t\t\t\t<div class=\"elementor-widget-container\">\n\t\t\t\t\t\t\t<ul class=\"elementor-icon-list-items elementor-inline-items\">\n\t\t\t\t\t\t\t<li class=\"elementor-icon-list-item elementor-inline-item\">\n\t\t\t\t\t\t\t\t\t\t\t<span class=\"elementor-icon-list-icon\">\n\t\t\t\t\t\t\t<svg aria-hidden=\"true\" class=\"e-font-icon-svg e-fas-grip-lines-vertical\" viewbox=\"0 0 256 512\" xmlns=\"http:\/\/www.w3.org\/2000\/svg\"><path d=\"M96 496V16c0-8.8-7.2-16-16-16H48c-8.8 0-16 7.2-16 16v480c0 8.8 7.2 16 16 16h32c8.8 0 16-7.2 16-16zm128 0V16c0-8.8-7.2-16-16-16h-32c-8.8 0-16 7.2-16 16v480c0 8.8 7.2 16 16 16h32c8.8 0 16-7.2 16-16z\"><\/path><\/svg>\t\t\t\t\t\t<\/span>\n\t\t\t\t\t\t\t\t\t\t<span class=\"elementor-icon-list-text\">Training for young people<\/span>\n\t\t\t\t\t\t\t\t\t<\/li>\n\t\t\t\t\t\t\t\t<li class=\"elementor-icon-list-item elementor-inline-item\">\n\t\t\t\t\t\t\t\t\t\t\t<span class=\"elementor-icon-list-icon\">\n\t\t\t\t\t\t\t<svg aria-hidden=\"true\" class=\"e-font-icon-svg e-fas-grip-lines-vertical\" viewbox=\"0 0 256 512\" xmlns=\"http:\/\/www.w3.org\/2000\/svg\"><path d=\"M96 496V16c0-8.8-7.2-16-16-16H48c-8.8 0-16 7.2-16 16v480c0 8.8 7.2 16 16 16h32c8.8 0 16-7.2 16-16zm128 0V16c0-8.8-7.2-16-16-16h-32c-8.8 0-16 7.2-16 16v480c0 8.8 7.2 16 16 16h32c8.8 0 16-7.2 16-16z\"><\/path><\/svg>\t\t\t\t\t\t<\/span>\n\t\t\t\t\t\t\t\t\t\t<span class=\"elementor-icon-list-text\"><\/span>\n\t\t\t\t\t\t\t\t\t<\/li>\n\t\t\t\t\t\t<\/ul>\n\t\t\t\t\t\t<\/div>\n\t\t\t\t<\/div>\n\t\t\t\t<div class=\"elementor-element elementor-element-16304139 text-left text--tabletcenter text--mobilecenter elementor-widget-tablet__width-initial elementor-widget-mobile__width-inherit elementor-widget elementor-widget-tp-heading-title\" data-id=\"16304139\" data-element_type=\"widget\" data-e-type=\"widget\" data-widget_type=\"tp-heading-title.default\">\n\t\t\t\t<div class=\"elementor-widget-container\">\n\t\t\t\t\t<div class=\"heading heading_style heading_style69e750bbd39ac style-1\"  data-tp-gsap-heading-text=\"\" data-tp-gsap-sub-heading-text=\"\"><div class=\"sub-style\" ><div class=\"head-title\" > <h2  class=\"heading-title\"  data-hover=\"Er du mellem\">Are you between<span class=\"title-s\"> 15 and 18 years old? <\/span><\/h2><\/div><\/div><\/div>\t\t\t\t<\/div>\n\t\t\t\t<\/div>\n\t\t\t\t<div class=\"elementor-element elementor-element-6c1f5a63 elementor-widget-tablet__width-initial elementor-widget-mobile__width-inherit elementor-widget elementor-widget-text-editor\" data-id=\"6c1f5a63\" data-element_type=\"widget\" data-e-type=\"widget\" data-widget_type=\"text-editor.default\">\n\t\t\t\t<div class=\"elementor-widget-container\">\n\t\t\t\t\t\t\t\t\t<article class=\"module text\"><p>If you're between the ages of 15 and 18, you're also welcome at Joe's Boxing Gym. You train on the same terms as everyone else, so you need to be physically ready and be able to follow instructions from the trainer.<\/p><p>\u00a0<\/p><\/article><h5 class=\"module margin-collapse h2\">Consent and reservations\u00a0<\/h5><article class=\"module text\"><p>During the teenage years, a lot happens to the body. Before you can become a member, you must attend a trial class so our trainers can assess whether you're ready to join Joe's.<\/p><\/article><p>\u00a0<\/p><p>You can only become a member with the consent of your parents. If you want to become a member, you will be given a form to sign and return to the club.\u00a0<\/p><article class=\"module text\"><p>\u00a0<\/p><\/article>\t\t\t\t\t\t\t\t<\/div>\n\t\t\t\t<\/div>\n\t\t\t\t<div class=\"elementor-element elementor-element-1857 elementor-align-justify elementor-widget__width-inherit elementor-widget elementor-widget-global elementor-global-1857 elementor-widget-button\" data-id=\"1857\" data-element_type=\"widget\" data-e-type=\"widget\" data-widget_type=\"button.default\">\n\t\t\t\t<div class=\"elementor-widget-container\">\n\t\t\t\t\t\t\t\t\t<div class=\"elementor-button-wrapper\">\n\t\t\t\t\t<a class=\"elementor-button elementor-button-link elementor-size-sm\" href=\"https:\/\/joes-boxing-gym.planway.com\/\" target=\"_blank\">\n\t\t\t\t\t\t<span class=\"elementor-button-content-wrapper\">\n\t\t\t\t\t\t<span class=\"elementor-button-icon\">\n\t\t\t\t<svg aria-hidden=\"true\" class=\"e-font-icon-svg e-fas-angle-double-right\" viewbox=\"0 0 448 512\" xmlns=\"http:\/\/www.w3.org\/2000\/svg\"><path d=\"M224.3 273l-136 136c-9.4 9.4-24.6 9.4-33.9 0l-22.6-22.6c-9.4-9.4-9.4-24.6 0-33.9l96.4-96.4-96.4-96.4c-9.4-9.4-9.4-24.6 0-33.9L54.3 103c9.4-9.4 24.6-9.4 33.9 0l136 136c9.5 9.4 9.5 24.6.1 34zm192-34l-136-136c-9.4-9.4-24.6-9.4-33.9 0l-22.6 22.6c-9.4 9.4-9.4 24.6 0 33.9l96.4 96.4-96.4 96.4c-9.4 9.4-9.4 24.6 0 33.9l22.6 22.6c9.4 9.4 24.6 9.4 33.9 0l136-136c9.4-9.2 9.4-24.4 0-33.8z\"><\/path><\/svg>\t\t\t<\/span>\n\t\t\t\t\t\t\t\t\t<span class=\"elementor-button-text\">Go to booking your trial session<\/span>\n\t\t\t\t\t<\/span>\n\t\t\t\t\t<\/a>\n\t\t\t\t<\/div>\n\t\t\t\t\t\t\t\t<\/div>\n\t\t\t\t<\/div>\n\t\t\t\t<div class=\"elementor-element elementor-element-4ed670bc elementor-widget-divider--view-line elementor-widget elementor-widget-divider\" data-id=\"4ed670bc\" data-element_type=\"widget\" data-e-type=\"widget\" data-widget_type=\"divider.default\">\n\t\t\t\t<div class=\"elementor-widget-container\">\n\t\t\t\t\t\t\t<div class=\"elementor-divider\">\n\t\t\t<span class=\"elementor-divider-separator\">\n\t\t\t\t\t\t<\/span>\n\t\t<\/div>\n\t\t\t\t\t\t<\/div>\n\t\t\t\t<\/div>\n\t\t\t\t<\/div>\n\t\t\t\t<\/div>\n\t\t\t\t<\/div>\n\t\t\t\t\t<\/div>\n\t\t\t\t<\/div>\n\t\t\t\t<\/div>","protected":false},"excerpt":{"rendered":"<p>Tr\u00e6ning for unge Tr\u00e6ning for unge Er du mellem 15 og 18 \u00e5r? Er du mellem 15 og 18 \u00e5r, er du ogs\u00e5 velkommen i Joe\u2019s Boxing Gym. Du tr\u00e6ner p\u00e5 samme vilk\u00e5r som alle andre, og det kr\u00e6ver derfor b\u00e5de, at du er fysisk klar og at du kan f\u00f8lge instruktioner fra tr\u00e6neren. \u00a0 [&hellip;]<\/p>\n","protected":false},"author":3,"featured_media":0,"parent":0,"menu_order":0,"comment_status":"closed","ping_status":"closed","template":"elementor_header_footer","meta":{"footnotes":""},"class_list":["post-230","page","type-page","status-publish","hentry"],"yoast_head":"<!-- This site is optimized with the Yoast SEO plugin v27.4 - https:\/\/yoast.com\/product\/yoast-seo-wordpress\/ -->\n<title>Tr\u00e6ning for unge - Joe&#039;s Boxing Gym<\/title>\n<meta name=\"description\" content=\"Joe&#039;s Boxing Gym tilbyder daglig motionsboksning i K\u00f8behavn NV\" \/>\n<meta name=\"robots\" content=\"index, follow, max-snippet:-1, max-image-preview:large, max-video-preview:-1\" \/>\n<link rel=\"canonical\" href=\"https:\/\/joesboxinggym.dk\/en\/training-for-young-people\/\" \/>\n<meta property=\"og:locale\" content=\"en_GB\" \/>\n<meta property=\"og:type\" content=\"article\" \/>\n<meta property=\"og:title\" content=\"Tr\u00e6ning for unge - Joe&#039;s Boxing Gym\" \/>\n<meta property=\"og:description\" content=\"Joe&#039;s Boxing Gym tilbyder daglig motionsboksning i K\u00f8behavn NV\" \/>\n<meta property=\"og:url\" content=\"https:\/\/joesboxinggym.dk\/en\/training-for-young-people\/\" \/>\n<meta property=\"og:site_name\" content=\"Joe&#039;s Boxing Gym\" \/>\n<meta property=\"article:publisher\" content=\"https:\/\/www.facebook.com\/joesboxinggym\" \/>\n<meta property=\"article:modified_time\" content=\"2026-02-15T16:34:11+00:00\" \/>\n<meta name=\"twitter:card\" content=\"summary_large_image\" \/>\n<meta name=\"twitter:label1\" content=\"Estimated reading time\" \/>\n\t<meta name=\"twitter:data1\" content=\"1 minute\" \/>\n<script type=\"application\/ld+json\" class=\"yoast-schema-graph\">{\"@context\":\"https:\\\/\\\/schema.org\",\"@graph\":[{\"@type\":\"WebPage\",\"@id\":\"https:\\\/\\\/joesboxinggym.dk\\\/traening-for-unge\\\/\",\"url\":\"https:\\\/\\\/joesboxinggym.dk\\\/traening-for-unge\\\/\",\"name\":\"Tr\u00e6ning for unge - Joe&#039;s Boxing Gym\",\"isPartOf\":{\"@id\":\"https:\\\/\\\/joesboxinggym.dk\\\/#website\"},\"datePublished\":\"2025-06-11T14:07:54+00:00\",\"dateModified\":\"2026-02-15T16:34:11+00:00\",\"description\":\"Joe's Boxing Gym tilbyder daglig motionsboksning i K\u00f8behavn NV\",\"breadcrumb\":{\"@id\":\"https:\\\/\\\/joesboxinggym.dk\\\/traening-for-unge\\\/#breadcrumb\"},\"inLanguage\":\"en-GB\",\"potentialAction\":[{\"@type\":\"ReadAction\",\"target\":[\"https:\\\/\\\/joesboxinggym.dk\\\/traening-for-unge\\\/\"]}]},{\"@type\":\"BreadcrumbList\",\"@id\":\"https:\\\/\\\/joesboxinggym.dk\\\/traening-for-unge\\\/#breadcrumb\",\"itemListElement\":[{\"@type\":\"ListItem\",\"position\":1,\"name\":\"Home\",\"item\":\"https:\\\/\\\/joesboxinggym.dk\\\/\"},{\"@type\":\"ListItem\",\"position\":2,\"name\":\"Tr\u00e6ning for unge\"}]},{\"@type\":\"WebSite\",\"@id\":\"https:\\\/\\\/joesboxinggym.dk\\\/#website\",\"url\":\"https:\\\/\\\/joesboxinggym.dk\\\/\",\"name\":\"Joe's Boxing Gym\",\"description\":\"Motionsboksning i K\u00f8benhavn\",\"publisher\":{\"@id\":\"https:\\\/\\\/joesboxinggym.dk\\\/#organization\"},\"potentialAction\":[{\"@type\":\"SearchAction\",\"target\":{\"@type\":\"EntryPoint\",\"urlTemplate\":\"https:\\\/\\\/joesboxinggym.dk\\\/?s={search_term_string}\"},\"query-input\":{\"@type\":\"PropertyValueSpecification\",\"valueRequired\":true,\"valueName\":\"search_term_string\"}}],\"inLanguage\":\"en-GB\"},{\"@type\":\"Organization\",\"@id\":\"https:\\\/\\\/joesboxinggym.dk\\\/#organization\",\"name\":\"Joe's Boxing Gym\",\"url\":\"https:\\\/\\\/joesboxinggym.dk\\\/\",\"logo\":{\"@type\":\"ImageObject\",\"inLanguage\":\"en-GB\",\"@id\":\"https:\\\/\\\/joesboxinggym.dk\\\/#\\\/schema\\\/logo\\\/image\\\/\",\"url\":\"https:\\\/\\\/joesboxinggym.dk\\\/wp-content\\\/uploads\\\/2025\\\/06\\\/Joes_boxing_gym_logo_website_168x101px.png\",\"contentUrl\":\"https:\\\/\\\/joesboxinggym.dk\\\/wp-content\\\/uploads\\\/2025\\\/06\\\/Joes_boxing_gym_logo_website_168x101px.png\",\"width\":168,\"height\":101,\"caption\":\"Joe's Boxing Gym\"},\"image\":{\"@id\":\"https:\\\/\\\/joesboxinggym.dk\\\/#\\\/schema\\\/logo\\\/image\\\/\"},\"sameAs\":[\"https:\\\/\\\/www.facebook.com\\\/joesboxinggym\"]}]}<\/script>\n<!-- \/ Yoast SEO plugin. -->","yoast_head_json":{"title":"Training for young people - Joe's Boxing Gym","description":"Joe's Boxing Gym offers daily fitness boxing in K\u00f8behavn NV","robots":{"index":"index","follow":"follow","max-snippet":"max-snippet:-1","max-image-preview":"max-image-preview:large","max-video-preview":"max-video-preview:-1"},"canonical":"https:\/\/joesboxinggym.dk\/en\/training-for-young-people\/","og_locale":"en_GB","og_type":"article","og_title":"Tr\u00e6ning for unge - Joe&#039;s Boxing Gym","og_description":"Joe's Boxing Gym tilbyder daglig motionsboksning i K\u00f8behavn NV","og_url":"https:\/\/joesboxinggym.dk\/en\/training-for-young-people\/","og_site_name":"Joe&#039;s Boxing Gym","article_publisher":"https:\/\/www.facebook.com\/joesboxinggym","article_modified_time":"2026-02-15T16:34:11+00:00","twitter_card":"summary_large_image","twitter_misc":{"Estimated reading time":"1 minute"},"schema":{"@context":"https:\/\/schema.org","@graph":[{"@type":"WebPage","@id":"https:\/\/joesboxinggym.dk\/traening-for-unge\/","url":"https:\/\/joesboxinggym.dk\/traening-for-unge\/","name":"Training for young people - Joe's Boxing Gym","isPartOf":{"@id":"https:\/\/joesboxinggym.dk\/#website"},"datePublished":"2025-06-11T14:07:54+00:00","dateModified":"2026-02-15T16:34:11+00:00","description":"Joe's Boxing Gym offers daily fitness boxing in K\u00f8behavn NV","breadcrumb":{"@id":"https:\/\/joesboxinggym.dk\/traening-for-unge\/#breadcrumb"},"inLanguage":"en-GB","potentialAction":[{"@type":"ReadAction","target":["https:\/\/joesboxinggym.dk\/traening-for-unge\/"]}]},{"@type":"BreadcrumbList","@id":"https:\/\/joesboxinggym.dk\/traening-for-unge\/#breadcrumb","itemListElement":[{"@type":"ListItem","position":1,"name":"Home","item":"https:\/\/joesboxinggym.dk\/"},{"@type":"ListItem","position":2,"name":"Tr\u00e6ning for unge"}]},{"@type":"WebSite","@id":"https:\/\/joesboxinggym.dk\/#website","url":"https:\/\/joesboxinggym.dk\/","name":"Joe's Boxing Gym","description":"Fitness boxing in Copenhagen","publisher":{"@id":"https:\/\/joesboxinggym.dk\/#organization"},"potentialAction":[{"@type":"SearchAction","target":{"@type":"EntryPoint","urlTemplate":"https:\/\/joesboxinggym.dk\/?s={search_term_string}"},"query-input":{"@type":"PropertyValueSpecification","valueRequired":true,"valueName":"search_term_string"}}],"inLanguage":"en-GB"},{"@type":"Organization","@id":"https:\/\/joesboxinggym.dk\/#organization","name":"Joe's Boxing Gym","url":"https:\/\/joesboxinggym.dk\/","logo":{"@type":"ImageObject","inLanguage":"en-GB","@id":"https:\/\/joesboxinggym.dk\/#\/schema\/logo\/image\/","url":"https:\/\/joesboxinggym.dk\/wp-content\/uploads\/2025\/06\/Joes_boxing_gym_logo_website_168x101px.png","contentUrl":"https:\/\/joesboxinggym.dk\/wp-content\/uploads\/2025\/06\/Joes_boxing_gym_logo_website_168x101px.png","width":168,"height":101,"caption":"Joe's Boxing Gym"},"image":{"@id":"https:\/\/joesboxinggym.dk\/#\/schema\/logo\/image\/"},"sameAs":["https:\/\/www.facebook.com\/joesboxinggym"]}]}},"_links":{"self":[{"href":"https:\/\/joesboxinggym.dk\/en\/wp-json\/wp\/v2\/pages\/230","targetHints":{"allow":["GET"]}}],"collection":[{"href":"https:\/\/joesboxinggym.dk\/en\/wp-json\/wp\/v2\/pages"}],"about":[{"href":"https:\/\/joesboxinggym.dk\/en\/wp-json\/wp\/v2\/types\/page"}],"author":[{"embeddable":true,"href":"https:\/\/joesboxinggym.dk\/en\/wp-json\/wp\/v2\/users\/3"}],"replies":[{"embeddable":true,"href":"https:\/\/joesboxinggym.dk\/en\/wp-json\/wp\/v2\/comments?post=230"}],"version-history":[{"count":52,"href":"https:\/\/joesboxinggym.dk\/en\/wp-json\/wp\/v2\/pages\/230\/revisions"}],"predecessor-version":[{"id":2806,"href":"https:\/\/joesboxinggym.dk\/en\/wp-json\/wp\/v2\/pages\/230\/revisions\/2806"}],"wp:attachment":[{"href":"https:\/\/joesboxinggym.dk\/en\/wp-json\/wp\/v2\/media?parent=230"}],"curies":[{"name":"wp","href":"https:\/\/api.w.org\/{rel}","templated":true}]}}