{"id":328,"date":"2025-06-11T17:31:01","date_gmt":"2025-06-11T15:31:01","guid":{"rendered":"https:\/\/joesgym.dk\/?page_id=328"},"modified":"2026-02-15T19:06:52","modified_gmt":"2026-02-15T18:06:52","slug":"contact","status":"publish","type":"page","link":"https:\/\/joesboxinggym.dk\/en\/kontakt\/","title":{"rendered":"Contact"},"content":{"rendered":"\t\t<div data-elementor-type=\"wp-page\" data-elementor-id=\"328\" class=\"elementor elementor-328\" data-elementor-post-type=\"page\">\n\t\t\t\t<div class=\"elementor-element elementor-element-755a8255 e-flex e-con-boxed e-con e-parent\" data-id=\"755a8255\" data-element_type=\"container\" data-e-type=\"container\">\n\t\t\t\t\t<div class=\"e-con-inner\">\n\t\t<div class=\"elementor-element elementor-element-38e22e47 e-con-full e-flex e-con e-child\" data-id=\"38e22e47\" data-element_type=\"container\" data-e-type=\"container\" data-settings=\"{&quot;background_background&quot;:&quot;classic&quot;,&quot;background_motion_fx_motion_fx_scrolling&quot;:&quot;yes&quot;,&quot;background_motion_fx_blur_effect&quot;:&quot;yes&quot;,&quot;background_motion_fx_blur_level&quot;:{&quot;unit&quot;:&quot;px&quot;,&quot;size&quot;:11,&quot;sizes&quot;:[]},&quot;background_motion_fx_blur_direction&quot;:&quot;out-in&quot;,&quot;background_motion_fx_blur_range&quot;:{&quot;unit&quot;:&quot;%&quot;,&quot;size&quot;:&quot;&quot;,&quot;sizes&quot;:{&quot;start&quot;:20,&quot;end&quot;:80}},&quot;background_motion_fx_devices&quot;:[&quot;desktop&quot;,&quot;tablet&quot;,&quot;mobile&quot;]}\">\n\t\t<div class=\"elementor-element elementor-element-7cbec195 e-con-full e-flex e-con e-child\" data-id=\"7cbec195\" data-element_type=\"container\" data-e-type=\"container\">\n\t\t\t\t<div class=\"elementor-element elementor-element-105137c0 elementor-widget__width-inherit elementor-widget-divider--view-line elementor-widget elementor-widget-divider\" data-id=\"105137c0\" data-element_type=\"widget\" data-e-type=\"widget\" data-widget_type=\"divider.default\">\n\t\t\t\t<div class=\"elementor-widget-container\">\n\t\t\t\t\t\t\t<div class=\"elementor-divider\">\n\t\t\t<span class=\"elementor-divider-separator\">\n\t\t\t\t\t\t<\/span>\n\t\t<\/div>\n\t\t\t\t\t\t<\/div>\n\t\t\t\t<\/div>\n\t\t\t\t<div class=\"elementor-element elementor-element-11138432 elementor-widget__width-inherit elementor-widget elementor-widget-heading\" data-id=\"11138432\" data-element_type=\"widget\" data-e-type=\"widget\" data-widget_type=\"heading.default\">\n\t\t\t\t<div class=\"elementor-widget-container\">\n\t\t\t\t\t<h1 class=\"elementor-heading-title elementor-size-default\">Kontakt<\/h1>\t\t\t\t<\/div>\n\t\t\t\t<\/div>\n\t\t\t\t<div class=\"elementor-element elementor-element-575750 elementor-widget elementor-widget-gum_heading\" data-id=\"575750\" data-element_type=\"widget\" data-e-type=\"widget\" data-widget_type=\"gum_heading.default\">\n\t\t\t\t<div class=\"elementor-widget-container\">\n\t\t\t\t\t<div class=\"gum-widget-title\"><div class=\"section-main-title size-default\"><span class=\"prefix\"><\/span><span class=\"maintitle\">Forside \u25fc\ufe0e<\/span><span class=\"subfix\">Kontakt<\/span><\/div><\/div>\t\t\t\t<\/div>\n\t\t\t\t<\/div>\n\t\t\t\t<\/div>\n\t\t\t\t<\/div>\n\t\t\t\t\t<\/div>\n\t\t\t\t<\/div>\n\t\t<div class=\"elementor-element elementor-element-4048a07c e-flex e-con-boxed e-con e-parent\" data-id=\"4048a07c\" data-element_type=\"container\" data-e-type=\"container\">\n\t\t\t\t\t<div class=\"e-con-inner\">\n\t\t<div class=\"elementor-element elementor-element-2879a89 e-con-full e-flex e-con e-child\" data-id=\"2879a89\" data-element_type=\"container\" data-e-type=\"container\">\n\t\t\t\t<div class=\"elementor-element elementor-element-563f57f8 elementor-icon-list--layout-inline elementor-list-item-link-full_width elementor-widget elementor-widget-icon-list\" data-id=\"563f57f8\" data-element_type=\"widget\" data-e-type=\"widget\" data-widget_type=\"icon-list.default\">\n\t\t\t\t<div class=\"elementor-widget-container\">\n\t\t\t\t\t\t\t<ul class=\"elementor-icon-list-items elementor-inline-items\">\n\t\t\t\t\t\t\t<li class=\"elementor-icon-list-item elementor-inline-item\">\n\t\t\t\t\t\t\t\t\t\t\t<span class=\"elementor-icon-list-icon\">\n\t\t\t\t\t\t\t<svg aria-hidden=\"true\" class=\"e-font-icon-svg e-fas-grip-lines-vertical\" viewBox=\"0 0 256 512\" xmlns=\"http:\/\/www.w3.org\/2000\/svg\"><path d=\"M96 496V16c0-8.8-7.2-16-16-16H48c-8.8 0-16 7.2-16 16v480c0 8.8 7.2 16 16 16h32c8.8 0 16-7.2 16-16zm128 0V16c0-8.8-7.2-16-16-16h-32c-8.8 0-16 7.2-16 16v480c0 8.8 7.2 16 16 16h32c8.8 0 16-7.2 16-16z\"><\/path><\/svg>\t\t\t\t\t\t<\/span>\n\t\t\t\t\t\t\t\t\t\t<span class=\"elementor-icon-list-text\">Kontakt<\/span>\n\t\t\t\t\t\t\t\t\t<\/li>\n\t\t\t\t\t\t\t\t<li class=\"elementor-icon-list-item elementor-inline-item\">\n\t\t\t\t\t\t\t\t\t\t\t<span class=\"elementor-icon-list-icon\">\n\t\t\t\t\t\t\t<svg aria-hidden=\"true\" class=\"e-font-icon-svg e-fas-grip-lines-vertical\" viewBox=\"0 0 256 512\" xmlns=\"http:\/\/www.w3.org\/2000\/svg\"><path d=\"M96 496V16c0-8.8-7.2-16-16-16H48c-8.8 0-16 7.2-16 16v480c0 8.8 7.2 16 16 16h32c8.8 0 16-7.2 16-16zm128 0V16c0-8.8-7.2-16-16-16h-32c-8.8 0-16 7.2-16 16v480c0 8.8 7.2 16 16 16h32c8.8 0 16-7.2 16-16z\"><\/path><\/svg>\t\t\t\t\t\t<\/span>\n\t\t\t\t\t\t\t\t\t\t<span class=\"elementor-icon-list-text\"><\/span>\n\t\t\t\t\t\t\t\t\t<\/li>\n\t\t\t\t\t\t<\/ul>\n\t\t\t\t\t\t<\/div>\n\t\t\t\t<\/div>\n\t\t\t\t<div class=\"elementor-element elementor-element-3c9ce75 text-left text--tabletcenter text--mobilecenter elementor-widget-tablet__width-initial elementor-widget-mobile__width-inherit elementor-widget elementor-widget-tp-heading-title\" data-id=\"3c9ce75\" data-element_type=\"widget\" data-e-type=\"widget\" data-widget_type=\"tp-heading-title.default\">\n\t\t\t\t<div class=\"elementor-widget-container\">\n\t\t\t\t\t<div class=\"heading heading_style heading_style69e7505d927ed style-1 \"  data-tp-gsap-heading-text=\"\" data-tp-gsap-sub-heading-text=\"\"><div class=\"sub-style\" ><div class=\"head-title \" > <h2  class=\"heading-title   \"  data-hover=\"Skriv til\">Skriv til<span class=\"title-s \"> Joe's <\/span><\/h2><\/div><\/div><\/div>\t\t\t\t<\/div>\n\t\t\t\t<\/div>\n\t\t\t\t<div class=\"elementor-element elementor-element-79041ad9 elementor-widget-tablet__width-initial elementor-widget-mobile__width-inherit elementor-widget elementor-widget-text-editor\" data-id=\"79041ad9\" data-element_type=\"widget\" data-e-type=\"widget\" data-widget_type=\"text-editor.default\">\n\t\t\t\t<div class=\"elementor-widget-container\">\n\t\t\t\t\t\t\t\t\t<p>Har du sp\u00f8rgsm\u00e5l til Joe&#8217;s Boxing Gym? S\u00e5 skriv til os ved at udfylde kontaktformularen her. Skriv ogs\u00e5 dit telefonnummer, hvis du foretr\u00e6kker at blive ringet op.<br><br><\/p>\n<p>Hvis du vil s\u00e6tte dit medlemskab p\u00e5 pause, <a href=\"\/medlemskab-i-bero\">skal du bruge formularen her.<\/a><br><br>Hvis du vil opsige dit medlemskab, <a href=\"\/opsigelse\" style=\"background-color: rgb(248, 246, 244);\">skal du bruge formularen her.<\/a><br><br><\/p>\n<p>Du kan ogs\u00e5 finde <a href=\"\/faq\">svar p\u00e5 ofte stillede sp\u00f8rgsm\u00e5l her.<\/a><\/p>\t\t\t\t\t\t\t\t<\/div>\n\t\t\t\t<\/div>\n\t\t<div class=\"elementor-element elementor-element-759d1a82 e-con-full e-flex e-con e-child\" data-id=\"759d1a82\" data-element_type=\"container\" data-e-type=\"container\">\n\t\t<div class=\"elementor-element elementor-element-184dc6f2 e-con-full e-flex e-con e-child\" data-id=\"184dc6f2\" data-element_type=\"container\" data-e-type=\"container\">\n\t\t\t\t<div class=\"elementor-element elementor-element-7dd76ba4 elementor-hidden-tablet elementor-hidden-mobile elementor-widget-divider--view-line elementor-widget elementor-widget-divider\" data-id=\"7dd76ba4\" data-element_type=\"widget\" data-e-type=\"widget\" data-widget_type=\"divider.default\">\n\t\t\t\t<div class=\"elementor-widget-container\">\n\t\t\t\t\t\t\t<div class=\"elementor-divider\">\n\t\t\t<span class=\"elementor-divider-separator\">\n\t\t\t\t\t\t<\/span>\n\t\t<\/div>\n\t\t\t\t\t\t<\/div>\n\t\t\t\t<\/div>\n\t\t\t\t<\/div>\n\t\t\t\t<\/div>\n\t\t\t\t<div class=\"elementor-element elementor-element-4c45427c elementor-widget elementor-widget-google_maps\" data-id=\"4c45427c\" data-element_type=\"widget\" data-e-type=\"widget\" data-widget_type=\"google_maps.default\">\n\t\t\t\t<div class=\"elementor-widget-container\">\n\t\t\t\t\t\t\t<div class=\"elementor-custom-embed\">\n\t\t\t<iframe loading=\"lazy\"\n\t\t\t\t\tsrc=\"https:\/\/maps.google.com\/maps?q=Birkedommervej%2033%2C%202400%20K%C3%B8benhavn%20NV&#038;t=m&#038;z=15&#038;output=embed&#038;iwloc=near\"\n\t\t\t\t\ttitle=\"Birkedommervej 33, 2400 K\u00f8benhavn NV\"\n\t\t\t\t\taria-label=\"Birkedommervej 33, 2400 K\u00f8benhavn NV\"\n\t\t\t><\/iframe>\n\t\t<\/div>\n\t\t\t\t\t\t<\/div>\n\t\t\t\t<\/div>\n\t\t\t\t<\/div>\n\t\t<div class=\"elementor-element elementor-element-24aed0b e-con-full e-flex e-con e-child\" data-id=\"24aed0b\" data-element_type=\"container\" data-e-type=\"container\">\n\t\t\t\t<div class=\"elementor-element elementor-element-9caa1b1 elementor-button-align-stretch elementor-widget elementor-widget-form\" data-id=\"9caa1b1\" data-element_type=\"widget\" data-e-type=\"widget\" data-settings=\"{&quot;step_next_label&quot;:&quot;N\\u00e6ste&quot;,&quot;step_previous_label&quot;:&quot;Tidligere&quot;,&quot;button_width&quot;:&quot;100&quot;,&quot;step_type&quot;:&quot;number_text&quot;,&quot;step_icon_shape&quot;:&quot;circle&quot;}\" data-widget_type=\"form.default\">\n\t\t\t\t<div class=\"elementor-widget-container\">\n\t\t\t\t\t\t\t<form class=\"elementor-form\" method=\"post\" id=\"contact_joes_dk\" name=\"Ny formular\" aria-label=\"Ny formular\">\n\t\t\t<input type=\"hidden\" name=\"post_id\" value=\"328\"\/>\n\t\t\t<input type=\"hidden\" name=\"form_id\" value=\"9caa1b1\"\/>\n\t\t\t<input type=\"hidden\" name=\"referer_title\" value=\"Kontakt - Joe&#039;s Boxing Gym\" \/>\n\n\t\t\t\t\t\t\t<input type=\"hidden\" name=\"queried_id\" value=\"328\"\/>\n\t\t\t\n\t\t\t<div class=\"elementor-form-fields-wrapper elementor-labels-above\">\n\t\t\t\t\t\t\t\t<div class=\"elementor-field-type-text elementor-field-group elementor-column elementor-field-group-name elementor-col-100 elementor-field-required elementor-mark-required\">\n\t\t\t\t\t\t\t\t\t\t\t\t<label for=\"form-field-name\" class=\"elementor-field-label\">\n\t\t\t\t\t\t\t\tNavn\t\t\t\t\t\t\t<\/label>\n\t\t\t\t\t\t\t\t\t\t\t\t\t\t<input size=\"1\" type=\"text\" name=\"form_fields[name]\" id=\"form-field-name\" class=\"elementor-field elementor-size-sm  elementor-field-textual\" placeholder=\"Navn\" required=\"required\">\n\t\t\t\t\t\t\t\t\t\t\t<\/div>\n\t\t\t\t\t\t\t\t<div class=\"elementor-field-type-email elementor-field-group elementor-column elementor-field-group-email elementor-col-100 elementor-field-required elementor-mark-required\">\n\t\t\t\t\t\t\t\t\t\t\t\t<label for=\"form-field-email\" class=\"elementor-field-label\">\n\t\t\t\t\t\t\t\tE-mail\t\t\t\t\t\t\t<\/label>\n\t\t\t\t\t\t\t\t\t\t\t\t\t\t<input size=\"1\" type=\"email\" name=\"form_fields[email]\" id=\"form-field-email\" class=\"elementor-field elementor-size-sm  elementor-field-textual\" placeholder=\"E-mail\" required=\"required\">\n\t\t\t\t\t\t\t\t\t\t\t<\/div>\n\t\t\t\t\t\t\t\t<div class=\"elementor-field-type-tel elementor-field-group elementor-column elementor-field-group-field_0a31f44 elementor-col-33\">\n\t\t\t\t\t\t\t\t\t\t\t\t<label for=\"form-field-field_0a31f44\" class=\"elementor-field-label\">\n\t\t\t\t\t\t\t\tTelefon\t\t\t\t\t\t\t<\/label>\n\t\t\t\t\t\t\t\t<input size=\"1\" type=\"tel\" name=\"form_fields[field_0a31f44]\" id=\"form-field-field_0a31f44\" class=\"elementor-field elementor-size-sm  elementor-field-textual\" placeholder=\"Telefon\" pattern=\"[0-9()#&amp;+*-=.]+\" title=\"Kun tal og telefonkarakterer (#,-,*, o.s.v.) accepteres.\">\n\n\t\t\t\t\t\t<\/div>\n\t\t\t\t\t\t\t\t<div class=\"elementor-field-type-textarea elementor-field-group elementor-column elementor-field-group-message elementor-col-100\">\n\t\t\t\t\t\t\t\t\t\t\t\t<label for=\"form-field-message\" class=\"elementor-field-label\">\n\t\t\t\t\t\t\t\tMeddelelse\t\t\t\t\t\t\t<\/label>\n\t\t\t\t\t\t<textarea class=\"elementor-field-textual elementor-field  elementor-size-sm\" name=\"form_fields[message]\" id=\"form-field-message\" rows=\"4\" placeholder=\"Skriv dit sp\u00f8rgsm\u00e5l her\"><\/textarea>\t\t\t\t<\/div>\n\t\t\t\t\t\t\t\t<div class=\"elementor-field-type-recaptcha_v3 elementor-field-group elementor-column elementor-field-group-field_f446242 elementor-col-100 recaptcha_v3-bottomright\">\n\t\t\t\t\t<div class=\"elementor-field\" id=\"form-field-field_f446242\"><div class=\"elementor-g-recaptcha\" data-sitekey=\"6Lfxp2wsAAAAAIAZoGmmBGQvSGD9NJvxPiQe2P4i\" data-type=\"v3\" data-action=\"Form\" data-badge=\"bottomright\" data-size=\"invisible\"><\/div><\/div>\t\t\t\t<\/div>\n\t\t\t\t\t\t\t\t<div class=\"elementor-field-group elementor-column elementor-field-type-submit elementor-col-100 e-form__buttons\">\n\t\t\t\t\t<button class=\"elementor-button elementor-size-sm\" type=\"submit\">\n\t\t\t\t\t\t<span class=\"elementor-button-content-wrapper\">\n\t\t\t\t\t\t\t\t\t\t\t\t\t\t\t\t\t\t\t\t\t\t<span class=\"elementor-button-text\">Send<\/span>\n\t\t\t\t\t\t\t\t\t\t\t\t\t<\/span>\n\t\t\t\t\t<\/button>\n\t\t\t\t<\/div>\n\t\t\t<\/div>\n\t\t<\/form>\n\t\t\t\t\t\t<\/div>\n\t\t\t\t<\/div>\n\t\t\t\t<\/div>\n\t\t\t\t\t<\/div>\n\t\t\t\t<\/div>\n\t\t\t\t<\/div>\n\t\t","protected":false},"excerpt":{"rendered":"<p>Kontakt Forside \u25fc\ufe0eKontakt Kontakt Skriv til Joe&#8217;s Har du sp\u00f8rgsm\u00e5l til Joe&#8217;s Boxing Gym? S\u00e5 skriv til os ved at udfylde kontaktformularen her. Skriv ogs\u00e5 dit telefonnummer, hvis du foretr\u00e6kker at blive ringet op. Hvis du vil s\u00e6tte dit medlemskab p\u00e5 pause, skal du bruge formularen her. Hvis du vil opsige dit medlemskab, skal du [&hellip;]<\/p>\n","protected":false},"author":3,"featured_media":0,"parent":0,"menu_order":0,"comment_status":"closed","ping_status":"closed","template":"elementor_header_footer","meta":{"footnotes":""},"class_list":["post-328","page","type-page","status-publish","hentry"],"yoast_head":"<!-- This site is optimized with the Yoast SEO plugin v27.4 - https:\/\/yoast.com\/product\/yoast-seo-wordpress\/ -->\n<title>Kontakt - Joe&#039;s Boxing Gym<\/title>\n<meta name=\"description\" content=\"Joe&#039;s Boxing Gym tilbyder daglig motionsboksning i K\u00f8behavn NV\" \/>\n<meta name=\"robots\" content=\"index, follow, max-snippet:-1, max-image-preview:large, max-video-preview:-1\" \/>\n<link rel=\"canonical\" href=\"https:\/\/joesboxinggym.dk\/en\/contact\/\" \/>\n<meta property=\"og:locale\" content=\"en_GB\" \/>\n<meta property=\"og:type\" content=\"article\" \/>\n<meta property=\"og:title\" content=\"Kontakt - Joe&#039;s Boxing Gym\" \/>\n<meta property=\"og:description\" content=\"Joe&#039;s Boxing Gym tilbyder daglig motionsboksning i K\u00f8behavn NV\" \/>\n<meta property=\"og:url\" content=\"https:\/\/joesboxinggym.dk\/en\/contact\/\" \/>\n<meta property=\"og:site_name\" content=\"Joe&#039;s Boxing Gym\" \/>\n<meta property=\"article:publisher\" content=\"https:\/\/www.facebook.com\/joesboxinggym\" \/>\n<meta property=\"article:modified_time\" content=\"2026-02-15T18:06:52+00:00\" \/>\n<meta name=\"twitter:card\" content=\"summary_large_image\" \/>\n<meta name=\"twitter:label1\" content=\"Estimated reading time\" \/>\n\t<meta name=\"twitter:data1\" content=\"1 minute\" \/>\n<script type=\"application\/ld+json\" class=\"yoast-schema-graph\">{\"@context\":\"https:\\\/\\\/schema.org\",\"@graph\":[{\"@type\":\"WebPage\",\"@id\":\"https:\\\/\\\/joesboxinggym.dk\\\/kontakt\\\/\",\"url\":\"https:\\\/\\\/joesboxinggym.dk\\\/kontakt\\\/\",\"name\":\"Kontakt - Joe&#039;s Boxing Gym\",\"isPartOf\":{\"@id\":\"https:\\\/\\\/joesboxinggym.dk\\\/#website\"},\"datePublished\":\"2025-06-11T15:31:01+00:00\",\"dateModified\":\"2026-02-15T18:06:52+00:00\",\"description\":\"Joe's Boxing Gym tilbyder daglig motionsboksning i K\u00f8behavn NV\",\"breadcrumb\":{\"@id\":\"https:\\\/\\\/joesboxinggym.dk\\\/kontakt\\\/#breadcrumb\"},\"inLanguage\":\"en-GB\",\"potentialAction\":[{\"@type\":\"ReadAction\",\"target\":[\"https:\\\/\\\/joesboxinggym.dk\\\/kontakt\\\/\"]}]},{\"@type\":\"BreadcrumbList\",\"@id\":\"https:\\\/\\\/joesboxinggym.dk\\\/kontakt\\\/#breadcrumb\",\"itemListElement\":[{\"@type\":\"ListItem\",\"position\":1,\"name\":\"Home\",\"item\":\"https:\\\/\\\/joesboxinggym.dk\\\/\"},{\"@type\":\"ListItem\",\"position\":2,\"name\":\"Kontakt\"}]},{\"@type\":\"WebSite\",\"@id\":\"https:\\\/\\\/joesboxinggym.dk\\\/#website\",\"url\":\"https:\\\/\\\/joesboxinggym.dk\\\/\",\"name\":\"Joe's Boxing Gym\",\"description\":\"Motionsboksning i K\u00f8benhavn\",\"publisher\":{\"@id\":\"https:\\\/\\\/joesboxinggym.dk\\\/#organization\"},\"potentialAction\":[{\"@type\":\"SearchAction\",\"target\":{\"@type\":\"EntryPoint\",\"urlTemplate\":\"https:\\\/\\\/joesboxinggym.dk\\\/?s={search_term_string}\"},\"query-input\":{\"@type\":\"PropertyValueSpecification\",\"valueRequired\":true,\"valueName\":\"search_term_string\"}}],\"inLanguage\":\"en-GB\"},{\"@type\":\"Organization\",\"@id\":\"https:\\\/\\\/joesboxinggym.dk\\\/#organization\",\"name\":\"Joe's Boxing Gym\",\"url\":\"https:\\\/\\\/joesboxinggym.dk\\\/\",\"logo\":{\"@type\":\"ImageObject\",\"inLanguage\":\"en-GB\",\"@id\":\"https:\\\/\\\/joesboxinggym.dk\\\/#\\\/schema\\\/logo\\\/image\\\/\",\"url\":\"https:\\\/\\\/joesboxinggym.dk\\\/wp-content\\\/uploads\\\/2025\\\/06\\\/Joes_boxing_gym_logo_website_168x101px.png\",\"contentUrl\":\"https:\\\/\\\/joesboxinggym.dk\\\/wp-content\\\/uploads\\\/2025\\\/06\\\/Joes_boxing_gym_logo_website_168x101px.png\",\"width\":168,\"height\":101,\"caption\":\"Joe's Boxing Gym\"},\"image\":{\"@id\":\"https:\\\/\\\/joesboxinggym.dk\\\/#\\\/schema\\\/logo\\\/image\\\/\"},\"sameAs\":[\"https:\\\/\\\/www.facebook.com\\\/joesboxinggym\"]}]}<\/script>\n<!-- \/ Yoast SEO plugin. -->","yoast_head_json":{"title":"Contact - Joe's Boxing Gym","description":"Joe's Boxing Gym offers daily fitness boxing in K\u00f8behavn NV","robots":{"index":"index","follow":"follow","max-snippet":"max-snippet:-1","max-image-preview":"max-image-preview:large","max-video-preview":"max-video-preview:-1"},"canonical":"https:\/\/joesboxinggym.dk\/en\/contact\/","og_locale":"en_GB","og_type":"article","og_title":"Kontakt - Joe&#039;s Boxing Gym","og_description":"Joe's Boxing Gym tilbyder daglig motionsboksning i K\u00f8behavn NV","og_url":"https:\/\/joesboxinggym.dk\/en\/contact\/","og_site_name":"Joe&#039;s Boxing Gym","article_publisher":"https:\/\/www.facebook.com\/joesboxinggym","article_modified_time":"2026-02-15T18:06:52+00:00","twitter_card":"summary_large_image","twitter_misc":{"Estimated reading time":"1 minute"},"schema":{"@context":"https:\/\/schema.org","@graph":[{"@type":"WebPage","@id":"https:\/\/joesboxinggym.dk\/kontakt\/","url":"https:\/\/joesboxinggym.dk\/kontakt\/","name":"Contact - Joe's Boxing Gym","isPartOf":{"@id":"https:\/\/joesboxinggym.dk\/#website"},"datePublished":"2025-06-11T15:31:01+00:00","dateModified":"2026-02-15T18:06:52+00:00","description":"Joe's Boxing Gym offers daily fitness boxing in K\u00f8behavn NV","breadcrumb":{"@id":"https:\/\/joesboxinggym.dk\/kontakt\/#breadcrumb"},"inLanguage":"en-GB","potentialAction":[{"@type":"ReadAction","target":["https:\/\/joesboxinggym.dk\/kontakt\/"]}]},{"@type":"BreadcrumbList","@id":"https:\/\/joesboxinggym.dk\/kontakt\/#breadcrumb","itemListElement":[{"@type":"ListItem","position":1,"name":"Home","item":"https:\/\/joesboxinggym.dk\/"},{"@type":"ListItem","position":2,"name":"Kontakt"}]},{"@type":"WebSite","@id":"https:\/\/joesboxinggym.dk\/#website","url":"https:\/\/joesboxinggym.dk\/","name":"Joe's Boxing Gym","description":"Fitness boxing in Copenhagen","publisher":{"@id":"https:\/\/joesboxinggym.dk\/#organization"},"potentialAction":[{"@type":"SearchAction","target":{"@type":"EntryPoint","urlTemplate":"https:\/\/joesboxinggym.dk\/?s={search_term_string}"},"query-input":{"@type":"PropertyValueSpecification","valueRequired":true,"valueName":"search_term_string"}}],"inLanguage":"en-GB"},{"@type":"Organization","@id":"https:\/\/joesboxinggym.dk\/#organization","name":"Joe's Boxing Gym","url":"https:\/\/joesboxinggym.dk\/","logo":{"@type":"ImageObject","inLanguage":"en-GB","@id":"https:\/\/joesboxinggym.dk\/#\/schema\/logo\/image\/","url":"https:\/\/joesboxinggym.dk\/wp-content\/uploads\/2025\/06\/Joes_boxing_gym_logo_website_168x101px.png","contentUrl":"https:\/\/joesboxinggym.dk\/wp-content\/uploads\/2025\/06\/Joes_boxing_gym_logo_website_168x101px.png","width":168,"height":101,"caption":"Joe's Boxing Gym"},"image":{"@id":"https:\/\/joesboxinggym.dk\/#\/schema\/logo\/image\/"},"sameAs":["https:\/\/www.facebook.com\/joesboxinggym"]}]}},"_links":{"self":[{"href":"https:\/\/joesboxinggym.dk\/en\/wp-json\/wp\/v2\/pages\/328","targetHints":{"allow":["GET"]}}],"collection":[{"href":"https:\/\/joesboxinggym.dk\/en\/wp-json\/wp\/v2\/pages"}],"about":[{"href":"https:\/\/joesboxinggym.dk\/en\/wp-json\/wp\/v2\/types\/page"}],"author":[{"embeddable":true,"href":"https:\/\/joesboxinggym.dk\/en\/wp-json\/wp\/v2\/users\/3"}],"replies":[{"embeddable":true,"href":"https:\/\/joesboxinggym.dk\/en\/wp-json\/wp\/v2\/comments?post=328"}],"version-history":[{"count":194,"href":"https:\/\/joesboxinggym.dk\/en\/wp-json\/wp\/v2\/pages\/328\/revisions"}],"predecessor-version":[{"id":2834,"href":"https:\/\/joesboxinggym.dk\/en\/wp-json\/wp\/v2\/pages\/328\/revisions\/2834"}],"wp:attachment":[{"href":"https:\/\/joesboxinggym.dk\/en\/wp-json\/wp\/v2\/media?parent=328"}],"curies":[{"name":"wp","href":"https:\/\/api.w.org\/{rel}","templated":true}]}}