{"id":513,"date":"2025-06-18T21:41:08","date_gmt":"2025-06-18T19:41:08","guid":{"rendered":"https:\/\/joesgym.dk\/?page_id=513"},"modified":"2026-02-23T23:04:33","modified_gmt":"2026-02-23T22:04:33","slug":"cancellation","status":"publish","type":"page","link":"https:\/\/joesboxinggym.dk\/en\/opsigelse\/","title":{"rendered":"Cancellation"},"content":{"rendered":"\t\t<div data-elementor-type=\"wp-page\" data-elementor-id=\"513\" class=\"elementor elementor-513\" data-elementor-post-type=\"page\">\n\t\t\t\t<div class=\"elementor-element elementor-element-53be87e1 e-flex e-con-boxed e-con e-parent\" data-id=\"53be87e1\" data-element_type=\"container\" data-e-type=\"container\" data-settings=\"{&quot;background_background&quot;:&quot;classic&quot;}\">\n\t\t\t\t\t<div class=\"e-con-inner\">\n\t\t<div class=\"elementor-element elementor-element-42b48da9 e-con-full e-flex e-con e-child\" data-id=\"42b48da9\" data-element_type=\"container\" data-e-type=\"container\" data-settings=\"{&quot;background_background&quot;:&quot;classic&quot;,&quot;background_motion_fx_motion_fx_scrolling&quot;:&quot;yes&quot;,&quot;background_motion_fx_blur_effect&quot;:&quot;yes&quot;,&quot;background_motion_fx_blur_level&quot;:{&quot;unit&quot;:&quot;px&quot;,&quot;size&quot;:11,&quot;sizes&quot;:[]},&quot;background_motion_fx_blur_direction&quot;:&quot;out-in&quot;,&quot;background_motion_fx_blur_range&quot;:{&quot;unit&quot;:&quot;%&quot;,&quot;size&quot;:&quot;&quot;,&quot;sizes&quot;:{&quot;start&quot;:20,&quot;end&quot;:80}},&quot;background_motion_fx_devices&quot;:[&quot;desktop&quot;,&quot;tablet&quot;,&quot;mobile&quot;]}\">\n\t\t<div class=\"elementor-element elementor-element-65ae5f78 e-con-full e-flex e-con e-child\" data-id=\"65ae5f78\" data-element_type=\"container\" data-e-type=\"container\">\n\t\t\t\t<div class=\"elementor-element elementor-element-893b292 elementor-widget__width-inherit elementor-widget-divider--view-line elementor-widget elementor-widget-divider\" data-id=\"893b292\" data-element_type=\"widget\" data-e-type=\"widget\" data-widget_type=\"divider.default\">\n\t\t\t\t<div class=\"elementor-widget-container\">\n\t\t\t\t\t\t\t<div class=\"elementor-divider\">\n\t\t\t<span class=\"elementor-divider-separator\">\n\t\t\t\t\t\t<\/span>\n\t\t<\/div>\n\t\t\t\t\t\t<\/div>\n\t\t\t\t<\/div>\n\t\t\t\t<div class=\"elementor-element elementor-element-5f7c5dac elementor-widget__width-inherit elementor-widget elementor-widget-heading\" data-id=\"5f7c5dac\" data-element_type=\"widget\" data-e-type=\"widget\" data-widget_type=\"heading.default\">\n\t\t\t\t<div class=\"elementor-widget-container\">\n\t\t\t\t\t<h1 class=\"elementor-heading-title elementor-size-default\">Opsigelse<\/h1>\t\t\t\t<\/div>\n\t\t\t\t<\/div>\n\t\t\t\t<\/div>\n\t\t\t\t<\/div>\n\t\t\t\t\t<\/div>\n\t\t\t\t<\/div>\n\t\t<div class=\"elementor-element elementor-element-6e899520 e-flex e-con-boxed e-con e-parent\" data-id=\"6e899520\" data-element_type=\"container\" data-e-type=\"container\">\n\t\t\t\t\t<div class=\"e-con-inner\">\n\t\t<div class=\"elementor-element elementor-element-514aa6d6 e-con-full e-flex e-con e-child\" data-id=\"514aa6d6\" data-element_type=\"container\" data-e-type=\"container\">\n\t\t<div class=\"elementor-element elementor-element-6bfe113a e-con-full e-flex e-con e-child\" data-id=\"6bfe113a\" data-element_type=\"container\" data-e-type=\"container\">\n\t\t<div class=\"elementor-element elementor-element-5f94abb8 e-con-full e-flex e-con e-child\" data-id=\"5f94abb8\" data-element_type=\"container\" data-e-type=\"container\">\n\t\t\t\t<div class=\"elementor-element elementor-element-3de35162 elementor-icon-list--layout-inline elementor-list-item-link-full_width elementor-widget elementor-widget-icon-list\" data-id=\"3de35162\" data-element_type=\"widget\" data-e-type=\"widget\" data-widget_type=\"icon-list.default\">\n\t\t\t\t<div class=\"elementor-widget-container\">\n\t\t\t\t\t\t\t<ul class=\"elementor-icon-list-items elementor-inline-items\">\n\t\t\t\t\t\t\t<li class=\"elementor-icon-list-item elementor-inline-item\">\n\t\t\t\t\t\t\t\t\t\t\t<span class=\"elementor-icon-list-icon\">\n\t\t\t\t\t\t\t<svg aria-hidden=\"true\" class=\"e-font-icon-svg e-fas-grip-lines-vertical\" viewBox=\"0 0 256 512\" xmlns=\"http:\/\/www.w3.org\/2000\/svg\"><path d=\"M96 496V16c0-8.8-7.2-16-16-16H48c-8.8 0-16 7.2-16 16v480c0 8.8 7.2 16 16 16h32c8.8 0 16-7.2 16-16zm128 0V16c0-8.8-7.2-16-16-16h-32c-8.8 0-16 7.2-16 16v480c0 8.8 7.2 16 16 16h32c8.8 0 16-7.2 16-16z\"><\/path><\/svg>\t\t\t\t\t\t<\/span>\n\t\t\t\t\t\t\t\t\t\t<span class=\"elementor-icon-list-text\">Opsigelse af medlemskab<\/span>\n\t\t\t\t\t\t\t\t\t<\/li>\n\t\t\t\t\t\t\t\t<li class=\"elementor-icon-list-item elementor-inline-item\">\n\t\t\t\t\t\t\t\t\t\t\t<span class=\"elementor-icon-list-icon\">\n\t\t\t\t\t\t\t<svg aria-hidden=\"true\" class=\"e-font-icon-svg e-fas-grip-lines-vertical\" viewBox=\"0 0 256 512\" xmlns=\"http:\/\/www.w3.org\/2000\/svg\"><path d=\"M96 496V16c0-8.8-7.2-16-16-16H48c-8.8 0-16 7.2-16 16v480c0 8.8 7.2 16 16 16h32c8.8 0 16-7.2 16-16zm128 0V16c0-8.8-7.2-16-16-16h-32c-8.8 0-16 7.2-16 16v480c0 8.8 7.2 16 16 16h32c8.8 0 16-7.2 16-16z\"><\/path><\/svg>\t\t\t\t\t\t<\/span>\n\t\t\t\t\t\t\t\t\t\t<span class=\"elementor-icon-list-text\"><\/span>\n\t\t\t\t\t\t\t\t\t<\/li>\n\t\t\t\t\t\t<\/ul>\n\t\t\t\t\t\t<\/div>\n\t\t\t\t<\/div>\n\t\t\t\t<div class=\"elementor-element elementor-element-72b8c471 elementor-widget-tablet__width-initial elementor-widget-mobile__width-inherit elementor-widget elementor-widget-text-editor\" data-id=\"72b8c471\" data-element_type=\"widget\" data-e-type=\"widget\" data-widget_type=\"text-editor.default\">\n\t\t\t\t<div class=\"elementor-widget-container\">\n\t\t\t\t\t\t\t\t\t<p>Hvis du \u00f8nsker du at opsige dit medlemskab hos Joe&#8217;s Boxing Gym, skal du udfylde formularen her. N\u00e5r vi har modtaget din opsigelse, sender vi en bekr\u00e6ftelse til dig p\u00e5 e-mail.<\/p>\n<p>Som medlem af Joe&#8217;s har du altid et opsigelsesvarsel p\u00e5 <em data-start=\"467\" data-end=\"492\">l\u00f8bende m\u00e5ned + 30 dage<\/em>. Det betyder, at dit medlemskab f\u00f8rst oph\u00f8rer 30 dage efter udgangen af den m\u00e5ned, hvor vi har modtaget din opsigelse.<\/p>\n<p><strong><br>OBS!<\/strong>&nbsp; Det er <strong data-start=\"635\" data-end=\"658\">ikke tilstr\u00e6kkeligt<\/strong> at afmelde din betaling hos Betalingsservice (BS) via din netbank. Dit medlemskab vil i s\u00e5 fald stadig v\u00e6re aktivt, og du vil i stedet modtage et indbetalingskort med posten. Du vil fortsat blive opkr\u00e6vet det m\u00e5nedlige bel\u00f8b, indtil du har modtaget en skriftlig bekr\u00e6ftelse fra os p\u00e5, at dit medlemskab er opsagt.<\/p>\t\t\t\t\t\t\t\t<\/div>\n\t\t\t\t<\/div>\n\t\t\t\t<div class=\"elementor-element elementor-element-56f2ba03 elementor-hidden-tablet elementor-hidden-mobile elementor-widget-divider--view-line elementor-widget elementor-widget-divider\" data-id=\"56f2ba03\" data-element_type=\"widget\" data-e-type=\"widget\" data-widget_type=\"divider.default\">\n\t\t\t\t<div class=\"elementor-widget-container\">\n\t\t\t\t\t\t\t<div class=\"elementor-divider\">\n\t\t\t<span class=\"elementor-divider-separator\">\n\t\t\t\t\t\t<\/span>\n\t\t<\/div>\n\t\t\t\t\t\t<\/div>\n\t\t\t\t<\/div>\n\t\t\t\t<\/div>\n\t\t\t\t<\/div>\n\t\t<div class=\"elementor-element elementor-element-50fff713 e-con-full e-flex e-con e-child\" data-id=\"50fff713\" data-element_type=\"container\" data-e-type=\"container\">\n\t\t\t\t<div class=\"elementor-element elementor-element-f46041f elementor-button-align-stretch elementor-widget elementor-widget-form\" data-id=\"f46041f\" data-element_type=\"widget\" data-e-type=\"widget\" data-settings=\"{&quot;step_next_label&quot;:&quot;N\\u00e6ste&quot;,&quot;step_previous_label&quot;:&quot;Tidligere&quot;,&quot;button_width&quot;:&quot;100&quot;,&quot;step_type&quot;:&quot;number_text&quot;,&quot;step_icon_shape&quot;:&quot;circle&quot;}\" data-widget_type=\"form.default\">\n\t\t\t\t<div class=\"elementor-widget-container\">\n\t\t\t\t\t\t\t<form class=\"elementor-form\" method=\"post\" name=\"Opsigelse af medlemskab\" aria-label=\"Opsigelse af medlemskab\">\n\t\t\t<input type=\"hidden\" name=\"post_id\" value=\"513\"\/>\n\t\t\t<input type=\"hidden\" name=\"form_id\" value=\"f46041f\"\/>\n\t\t\t<input type=\"hidden\" name=\"referer_title\" value=\"Opsigelse - Joe&#039;s Boxing Gym\" \/>\n\n\t\t\t\t\t\t\t<input type=\"hidden\" name=\"queried_id\" value=\"513\"\/>\n\t\t\t\n\t\t\t<div class=\"elementor-form-fields-wrapper elementor-labels-above\">\n\t\t\t\t\t\t\t\t<div class=\"elementor-field-type-text elementor-field-group elementor-column elementor-field-group-name elementor-col-100 elementor-field-required elementor-mark-required\">\n\t\t\t\t\t\t\t\t\t\t\t\t<label for=\"form-field-name\" class=\"elementor-field-label\">\n\t\t\t\t\t\t\t\tNavn\t\t\t\t\t\t\t<\/label>\n\t\t\t\t\t\t\t\t\t\t\t\t\t\t<input size=\"1\" type=\"text\" name=\"form_fields[name]\" id=\"form-field-name\" class=\"elementor-field elementor-size-sm  elementor-field-textual\" placeholder=\"Navn\" required=\"required\">\n\t\t\t\t\t\t\t\t\t\t\t<\/div>\n\t\t\t\t\t\t\t\t<div class=\"elementor-field-type-email elementor-field-group elementor-column elementor-field-group-email elementor-col-100 elementor-field-required elementor-mark-required\">\n\t\t\t\t\t\t\t\t\t\t\t\t<label for=\"form-field-email\" class=\"elementor-field-label\">\n\t\t\t\t\t\t\t\tE-mail\t\t\t\t\t\t\t<\/label>\n\t\t\t\t\t\t\t\t\t\t\t\t\t\t<input size=\"1\" type=\"email\" name=\"form_fields[email]\" id=\"form-field-email\" class=\"elementor-field elementor-size-sm  elementor-field-textual\" placeholder=\"E-mail\" required=\"required\">\n\t\t\t\t\t\t\t\t\t\t\t<\/div>\n\t\t\t\t\t\t\t\t<div class=\"elementor-field-type-tel elementor-field-group elementor-column elementor-field-group-field_25a05c6 elementor-col-100\">\n\t\t\t\t\t\t\t\t\t\t\t\t<label for=\"form-field-field_25a05c6\" class=\"elementor-field-label\">\n\t\t\t\t\t\t\t\tTelefonnummer\t\t\t\t\t\t\t<\/label>\n\t\t\t\t\t\t\t\t<input size=\"1\" type=\"tel\" name=\"form_fields[field_25a05c6]\" id=\"form-field-field_25a05c6\" class=\"elementor-field elementor-size-sm  elementor-field-textual\" placeholder=\"Telefonnummer\" pattern=\"[0-9()#&amp;+*-=.]+\" title=\"Only numbers and phone characters (#, -, *, etc) are accepted.\">\n\n\t\t\t\t\t\t<\/div>\n\t\t\t\t\t\t\t\t<div class=\"elementor-field-type-number elementor-field-group elementor-column elementor-field-group-field_b45cbc2 elementor-col-33 elementor-field-required elementor-mark-required\">\n\t\t\t\t\t\t\t\t\t\t\t\t<label for=\"form-field-field_b45cbc2\" class=\"elementor-field-label\">\n\t\t\t\t\t\t\t\tMedlemsnummer\t\t\t\t\t\t\t<\/label>\n\t\t\t\t\t\t\t\t\t<input type=\"number\" name=\"form_fields[field_b45cbc2]\" id=\"form-field-field_b45cbc2\" class=\"elementor-field elementor-size-sm  elementor-field-textual\" placeholder=\"1234\" required=\"required\" min=\"\" max=\"\" >\n\t\t\t\t\t\t<\/div>\n\t\t\t\t\t\t\t\t<div class=\"elementor-field-type-textarea elementor-field-group elementor-column elementor-field-group-message elementor-col-100\">\n\t\t\t\t\t\t\t\t\t\t\t\t<label for=\"form-field-message\" class=\"elementor-field-label\">\n\t\t\t\t\t\t\t\tKommentar\t\t\t\t\t\t\t<\/label>\n\t\t\t\t\t\t<textarea class=\"elementor-field-textual elementor-field  elementor-size-sm\" name=\"form_fields[message]\" id=\"form-field-message\" rows=\"4\" placeholder=\"Skriv gerne et par ord om hvorfor du \u00f8nsker at opsige dit medlemskab\"><\/textarea>\t\t\t\t<\/div>\n\t\t\t\t\t\t\t\t<div class=\"elementor-field-type-recaptcha_v3 elementor-field-group elementor-column elementor-field-group-field_67be1fe elementor-col-100 recaptcha_v3-bottomright\">\n\t\t\t\t\t<div class=\"elementor-field\" id=\"form-field-field_67be1fe\"><div class=\"elementor-g-recaptcha\" data-sitekey=\"6Lfxp2wsAAAAAIAZoGmmBGQvSGD9NJvxPiQe2P4i\" data-type=\"v3\" data-action=\"Form\" data-badge=\"bottomright\" data-size=\"invisible\"><\/div><\/div>\t\t\t\t<\/div>\n\t\t\t\t\t\t\t\t<div class=\"elementor-field-group elementor-column elementor-field-type-submit elementor-col-100 e-form__buttons\">\n\t\t\t\t\t<button class=\"elementor-button elementor-size-sm\" type=\"submit\">\n\t\t\t\t\t\t<span class=\"elementor-button-content-wrapper\">\n\t\t\t\t\t\t\t\t\t\t\t\t\t\t\t\t\t\t\t\t\t\t<span class=\"elementor-button-text\">Send<\/span>\n\t\t\t\t\t\t\t\t\t\t\t\t\t<\/span>\n\t\t\t\t\t<\/button>\n\t\t\t\t<\/div>\n\t\t\t<\/div>\n\t\t<\/form>\n\t\t\t\t\t\t<\/div>\n\t\t\t\t<\/div>\n\t\t\t\t<\/div>\n\t\t\t\t<\/div>\n\t\t\t\t\t<\/div>\n\t\t\t\t<\/div>\n\t\t\t\t<\/div>\n\t\t","protected":false},"excerpt":{"rendered":"<p>Opsigelse Opsigelse af medlemskab Hvis du \u00f8nsker du at opsige dit medlemskab hos Joe&#8217;s Boxing Gym, skal du udfylde formularen her. N\u00e5r vi har modtaget din opsigelse, sender vi en bekr\u00e6ftelse til dig p\u00e5 e-mail. Som medlem af Joe&#8217;s har du altid et opsigelsesvarsel p\u00e5 l\u00f8bende m\u00e5ned + 30 dage. Det betyder, at dit medlemskab [&hellip;]<\/p>\n","protected":false},"author":3,"featured_media":0,"parent":0,"menu_order":0,"comment_status":"closed","ping_status":"closed","template":"","meta":{"footnotes":""},"class_list":["post-513","page","type-page","status-publish","hentry"],"yoast_head":"<!-- This site is optimized with the Yoast SEO plugin v27.4 - https:\/\/yoast.com\/product\/yoast-seo-wordpress\/ -->\n<title>Opsigelse - Joe&#039;s Boxing Gym<\/title>\n<meta name=\"description\" content=\"Joe&#039;s Boxing Gym tilbyder daglig motionsboksning i K\u00f8behavn NV\" \/>\n<meta name=\"robots\" content=\"index, follow, max-snippet:-1, max-image-preview:large, max-video-preview:-1\" \/>\n<link rel=\"canonical\" href=\"https:\/\/joesboxinggym.dk\/en\/cancellation\/\" \/>\n<meta property=\"og:locale\" content=\"en_GB\" \/>\n<meta property=\"og:type\" content=\"article\" \/>\n<meta property=\"og:title\" content=\"Opsigelse - Joe&#039;s Boxing Gym\" \/>\n<meta property=\"og:description\" content=\"Joe&#039;s Boxing Gym tilbyder daglig motionsboksning i K\u00f8behavn NV\" \/>\n<meta property=\"og:url\" content=\"https:\/\/joesboxinggym.dk\/en\/cancellation\/\" \/>\n<meta property=\"og:site_name\" content=\"Joe&#039;s Boxing Gym\" \/>\n<meta property=\"article:publisher\" content=\"https:\/\/www.facebook.com\/joesboxinggym\" \/>\n<meta property=\"article:modified_time\" content=\"2026-02-23T22:04:33+00:00\" \/>\n<meta name=\"twitter:card\" content=\"summary_large_image\" \/>\n<meta name=\"twitter:label1\" content=\"Estimated reading time\" \/>\n\t<meta name=\"twitter:data1\" content=\"1 minute\" \/>\n<script type=\"application\/ld+json\" class=\"yoast-schema-graph\">{\"@context\":\"https:\\\/\\\/schema.org\",\"@graph\":[{\"@type\":\"WebPage\",\"@id\":\"https:\\\/\\\/joesboxinggym.dk\\\/opsigelse\\\/\",\"url\":\"https:\\\/\\\/joesboxinggym.dk\\\/opsigelse\\\/\",\"name\":\"Opsigelse - Joe&#039;s Boxing Gym\",\"isPartOf\":{\"@id\":\"https:\\\/\\\/joesboxinggym.dk\\\/#website\"},\"datePublished\":\"2025-06-18T19:41:08+00:00\",\"dateModified\":\"2026-02-23T22:04:33+00:00\",\"description\":\"Joe's Boxing Gym tilbyder daglig motionsboksning i K\u00f8behavn NV\",\"breadcrumb\":{\"@id\":\"https:\\\/\\\/joesboxinggym.dk\\\/opsigelse\\\/#breadcrumb\"},\"inLanguage\":\"en-GB\",\"potentialAction\":[{\"@type\":\"ReadAction\",\"target\":[\"https:\\\/\\\/joesboxinggym.dk\\\/opsigelse\\\/\"]}]},{\"@type\":\"BreadcrumbList\",\"@id\":\"https:\\\/\\\/joesboxinggym.dk\\\/opsigelse\\\/#breadcrumb\",\"itemListElement\":[{\"@type\":\"ListItem\",\"position\":1,\"name\":\"Home\",\"item\":\"https:\\\/\\\/joesboxinggym.dk\\\/\"},{\"@type\":\"ListItem\",\"position\":2,\"name\":\"Opsigelse\"}]},{\"@type\":\"WebSite\",\"@id\":\"https:\\\/\\\/joesboxinggym.dk\\\/#website\",\"url\":\"https:\\\/\\\/joesboxinggym.dk\\\/\",\"name\":\"Joe's Boxing Gym\",\"description\":\"Motionsboksning i K\u00f8benhavn\",\"publisher\":{\"@id\":\"https:\\\/\\\/joesboxinggym.dk\\\/#organization\"},\"potentialAction\":[{\"@type\":\"SearchAction\",\"target\":{\"@type\":\"EntryPoint\",\"urlTemplate\":\"https:\\\/\\\/joesboxinggym.dk\\\/?s={search_term_string}\"},\"query-input\":{\"@type\":\"PropertyValueSpecification\",\"valueRequired\":true,\"valueName\":\"search_term_string\"}}],\"inLanguage\":\"en-GB\"},{\"@type\":\"Organization\",\"@id\":\"https:\\\/\\\/joesboxinggym.dk\\\/#organization\",\"name\":\"Joe's Boxing Gym\",\"url\":\"https:\\\/\\\/joesboxinggym.dk\\\/\",\"logo\":{\"@type\":\"ImageObject\",\"inLanguage\":\"en-GB\",\"@id\":\"https:\\\/\\\/joesboxinggym.dk\\\/#\\\/schema\\\/logo\\\/image\\\/\",\"url\":\"https:\\\/\\\/joesboxinggym.dk\\\/wp-content\\\/uploads\\\/2025\\\/06\\\/Joes_boxing_gym_logo_website_168x101px.png\",\"contentUrl\":\"https:\\\/\\\/joesboxinggym.dk\\\/wp-content\\\/uploads\\\/2025\\\/06\\\/Joes_boxing_gym_logo_website_168x101px.png\",\"width\":168,\"height\":101,\"caption\":\"Joe's Boxing Gym\"},\"image\":{\"@id\":\"https:\\\/\\\/joesboxinggym.dk\\\/#\\\/schema\\\/logo\\\/image\\\/\"},\"sameAs\":[\"https:\\\/\\\/www.facebook.com\\\/joesboxinggym\"]}]}<\/script>\n<!-- \/ Yoast SEO plugin. -->","yoast_head_json":{"title":"Termination - Joe's Boxing Gym","description":"Joe's Boxing Gym offers daily fitness boxing in K\u00f8behavn NV","robots":{"index":"index","follow":"follow","max-snippet":"max-snippet:-1","max-image-preview":"max-image-preview:large","max-video-preview":"max-video-preview:-1"},"canonical":"https:\/\/joesboxinggym.dk\/en\/cancellation\/","og_locale":"en_GB","og_type":"article","og_title":"Opsigelse - Joe&#039;s Boxing Gym","og_description":"Joe's Boxing Gym tilbyder daglig motionsboksning i K\u00f8behavn NV","og_url":"https:\/\/joesboxinggym.dk\/en\/cancellation\/","og_site_name":"Joe&#039;s Boxing Gym","article_publisher":"https:\/\/www.facebook.com\/joesboxinggym","article_modified_time":"2026-02-23T22:04:33+00:00","twitter_card":"summary_large_image","twitter_misc":{"Estimated reading time":"1 minute"},"schema":{"@context":"https:\/\/schema.org","@graph":[{"@type":"WebPage","@id":"https:\/\/joesboxinggym.dk\/opsigelse\/","url":"https:\/\/joesboxinggym.dk\/opsigelse\/","name":"Termination - Joe's Boxing Gym","isPartOf":{"@id":"https:\/\/joesboxinggym.dk\/#website"},"datePublished":"2025-06-18T19:41:08+00:00","dateModified":"2026-02-23T22:04:33+00:00","description":"Joe's Boxing Gym offers daily fitness boxing in K\u00f8behavn NV","breadcrumb":{"@id":"https:\/\/joesboxinggym.dk\/opsigelse\/#breadcrumb"},"inLanguage":"en-GB","potentialAction":[{"@type":"ReadAction","target":["https:\/\/joesboxinggym.dk\/opsigelse\/"]}]},{"@type":"BreadcrumbList","@id":"https:\/\/joesboxinggym.dk\/opsigelse\/#breadcrumb","itemListElement":[{"@type":"ListItem","position":1,"name":"Home","item":"https:\/\/joesboxinggym.dk\/"},{"@type":"ListItem","position":2,"name":"Opsigelse"}]},{"@type":"WebSite","@id":"https:\/\/joesboxinggym.dk\/#website","url":"https:\/\/joesboxinggym.dk\/","name":"Joe's Boxing Gym","description":"Fitness boxing in Copenhagen","publisher":{"@id":"https:\/\/joesboxinggym.dk\/#organization"},"potentialAction":[{"@type":"SearchAction","target":{"@type":"EntryPoint","urlTemplate":"https:\/\/joesboxinggym.dk\/?s={search_term_string}"},"query-input":{"@type":"PropertyValueSpecification","valueRequired":true,"valueName":"search_term_string"}}],"inLanguage":"en-GB"},{"@type":"Organization","@id":"https:\/\/joesboxinggym.dk\/#organization","name":"Joe's Boxing Gym","url":"https:\/\/joesboxinggym.dk\/","logo":{"@type":"ImageObject","inLanguage":"en-GB","@id":"https:\/\/joesboxinggym.dk\/#\/schema\/logo\/image\/","url":"https:\/\/joesboxinggym.dk\/wp-content\/uploads\/2025\/06\/Joes_boxing_gym_logo_website_168x101px.png","contentUrl":"https:\/\/joesboxinggym.dk\/wp-content\/uploads\/2025\/06\/Joes_boxing_gym_logo_website_168x101px.png","width":168,"height":101,"caption":"Joe's Boxing Gym"},"image":{"@id":"https:\/\/joesboxinggym.dk\/#\/schema\/logo\/image\/"},"sameAs":["https:\/\/www.facebook.com\/joesboxinggym"]}]}},"_links":{"self":[{"href":"https:\/\/joesboxinggym.dk\/en\/wp-json\/wp\/v2\/pages\/513","targetHints":{"allow":["GET"]}}],"collection":[{"href":"https:\/\/joesboxinggym.dk\/en\/wp-json\/wp\/v2\/pages"}],"about":[{"href":"https:\/\/joesboxinggym.dk\/en\/wp-json\/wp\/v2\/types\/page"}],"author":[{"embeddable":true,"href":"https:\/\/joesboxinggym.dk\/en\/wp-json\/wp\/v2\/users\/3"}],"replies":[{"embeddable":true,"href":"https:\/\/joesboxinggym.dk\/en\/wp-json\/wp\/v2\/comments?post=513"}],"version-history":[{"count":94,"href":"https:\/\/joesboxinggym.dk\/en\/wp-json\/wp\/v2\/pages\/513\/revisions"}],"predecessor-version":[{"id":2842,"href":"https:\/\/joesboxinggym.dk\/en\/wp-json\/wp\/v2\/pages\/513\/revisions\/2842"}],"wp:attachment":[{"href":"https:\/\/joesboxinggym.dk\/en\/wp-json\/wp\/v2\/media?parent=513"}],"curies":[{"name":"wp","href":"https:\/\/api.w.org\/{rel}","templated":true}]}}