{"id":679,"date":"2025-06-27T10:49:35","date_gmt":"2025-06-27T08:49:35","guid":{"rendered":"https:\/\/joesgym.dk\/?page_id=679"},"modified":"2026-02-06T18:23:17","modified_gmt":"2026-02-06T17:23:17","slug":"opening-hours","status":"publish","type":"page","link":"https:\/\/joesboxinggym.dk\/en\/aabningstider\/","title":{"rendered":"Opening hours"},"content":{"rendered":"<div data-elementor-type=\"wp-page\" data-elementor-id=\"679\" class=\"elementor elementor-679\" data-elementor-post-type=\"page\">\n\t\t\t\t<div class=\"elementor-element elementor-element-71cb1a6 e-flex e-con-boxed e-con e-parent\" data-id=\"71cb1a6\" data-element_type=\"container\" data-e-type=\"container\" data-settings=\"{&quot;background_background&quot;:&quot;classic&quot;}\">\n\t\t\t\t\t<div class=\"e-con-inner\">\n\t\t<div class=\"elementor-element elementor-element-8b40f81 e-con-full e-flex e-con e-child\" data-id=\"8b40f81\" data-element_type=\"container\" data-e-type=\"container\" data-settings=\"{&quot;background_background&quot;:&quot;classic&quot;}\">\n\t\t<div class=\"elementor-element elementor-element-868e16d e-con-full e-flex e-con e-child\" data-id=\"868e16d\" data-element_type=\"container\" data-e-type=\"container\">\n\t\t\t\t<div class=\"elementor-element elementor-element-92b641f elementor-widget__width-inherit elementor-widget-divider--view-line elementor-widget elementor-widget-divider\" data-id=\"92b641f\" data-element_type=\"widget\" data-e-type=\"widget\" data-widget_type=\"divider.default\">\n\t\t\t\t<div class=\"elementor-widget-container\">\n\t\t\t\t\t\t\t<div class=\"elementor-divider\">\n\t\t\t<span class=\"elementor-divider-separator\">\n\t\t\t\t\t\t<\/span>\n\t\t<\/div>\n\t\t\t\t\t\t<\/div>\n\t\t\t\t<\/div>\n\t\t\t\t<div class=\"elementor-element elementor-element-c388c45 elementor-widget__width-inherit elementor-widget elementor-widget-heading\" data-id=\"c388c45\" data-element_type=\"widget\" data-e-type=\"widget\" data-widget_type=\"heading.default\">\n\t\t\t\t<div class=\"elementor-widget-container\">\n\t\t\t\t\t<h1 class=\"elementor-heading-title elementor-size-default\">Opening hours<\/h1>\t\t\t\t<\/div>\n\t\t\t\t<\/div>\n\t\t\t\t<div class=\"elementor-element elementor-element-6a6d009 elementor-widget elementor-widget-gum_heading\" data-id=\"6a6d009\" data-element_type=\"widget\" data-e-type=\"widget\" data-widget_type=\"gum_heading.default\">\n\t\t\t\t<div class=\"elementor-widget-container\">\n\t\t\t\t\t<div class=\"gum-widget-title\"><div class=\"section-main-title size-default\"><span class=\"prefix\"><\/span><span class=\"maintitle\">Home page \u25fc\ufe0e<\/span><span class=\"subfix\">Opening hours<\/span><\/div><\/div>\t\t\t\t<\/div>\n\t\t\t\t<\/div>\n\t\t\t\t<\/div>\n\t\t\t\t<\/div>\n\t\t\t\t\t<\/div>\n\t\t\t\t<\/div>\n\t\t<div class=\"elementor-element elementor-element-34e22301 e-flex e-con-boxed e-con e-parent\" data-id=\"34e22301\" data-element_type=\"container\" data-e-type=\"container\">\n\t\t\t\t\t<div class=\"e-con-inner\">\n\t\t<div class=\"elementor-element elementor-element-48678d70 e-con-full e-flex e-con e-child\" data-id=\"48678d70\" data-element_type=\"container\" data-e-type=\"container\" data-settings=\"{&quot;background_background&quot;:&quot;classic&quot;}\">\n\t\t<div class=\"elementor-element elementor-element-e102470 e-con-full e-flex e-con e-child\" data-id=\"e102470\" data-element_type=\"container\" data-e-type=\"container\">\n\t\t<div class=\"elementor-element elementor-element-71b61e48 e-con-full e-flex e-con e-child\" data-id=\"71b61e48\" data-element_type=\"container\" data-e-type=\"container\" data-settings=\"{&quot;background_background&quot;:&quot;classic&quot;}\">\n\t\t\t\t<div class=\"elementor-element elementor-element-61702d26 elementor-widget elementor-widget-image\" data-id=\"61702d26\" data-element_type=\"widget\" data-e-type=\"widget\" data-widget_type=\"image.default\">\n\t\t\t\t<div class=\"elementor-widget-container\">\n\t\t\t\t\t\t\t\t\t\t\t\t\t\t\t<img fetchpriority=\"high\" decoding=\"async\" width=\"1536\" height=\"1024\" src=\"https:\/\/joesboxinggym.dk\/wp-content\/uploads\/2025\/09\/aabningstider-boks-1536x1024.jpg\" class=\"attachment-1536x1536 size-1536x1536 wp-image-1842\" alt=\"\" srcset=\"https:\/\/joesboxinggym.dk\/wp-content\/uploads\/2025\/09\/aabningstider-boks-1536x1024.jpg 1536w, https:\/\/joesboxinggym.dk\/wp-content\/uploads\/2025\/09\/aabningstider-boks-300x200.jpg 300w, https:\/\/joesboxinggym.dk\/wp-content\/uploads\/2025\/09\/aabningstider-boks-1024x683.jpg 1024w, https:\/\/joesboxinggym.dk\/wp-content\/uploads\/2025\/09\/aabningstider-boks-768x512.jpg 768w, https:\/\/joesboxinggym.dk\/wp-content\/uploads\/2025\/09\/aabningstider-boks-2048x1366.jpg 2048w\" sizes=\"(max-width: 1536px) 100vw, 1536px\" \/>\t\t\t\t\t\t\t\t\t\t\t\t\t\t\t<\/div>\n\t\t\t\t<\/div>\n\t\t<div class=\"elementor-element elementor-element-d290ead e-con-full e-flex e-con e-child\" data-id=\"d290ead\" data-element_type=\"container\" data-e-type=\"container\">\n\t\t\t\t<\/div>\n\t\t\t\t<\/div>\n\t\t<div class=\"elementor-element elementor-element-a970bd3 e-con-full e-flex e-con e-child\" data-id=\"a970bd3\" data-element_type=\"container\" data-e-type=\"container\">\n\t\t\t\t<div class=\"elementor-element elementor-element-53f33d24 elementor-icon-list--layout-inline elementor-list-item-link-full_width elementor-widget elementor-widget-icon-list\" data-id=\"53f33d24\" data-element_type=\"widget\" data-e-type=\"widget\" data-widget_type=\"icon-list.default\">\n\t\t\t\t<div class=\"elementor-widget-container\">\n\t\t\t\t\t\t\t<ul class=\"elementor-icon-list-items elementor-inline-items\">\n\t\t\t\t\t\t\t<li class=\"elementor-icon-list-item elementor-inline-item\">\n\t\t\t\t\t\t\t\t\t\t\t<span class=\"elementor-icon-list-icon\">\n\t\t\t\t\t\t\t<svg aria-hidden=\"true\" class=\"e-font-icon-svg e-fas-grip-lines-vertical\" viewbox=\"0 0 256 512\" xmlns=\"http:\/\/www.w3.org\/2000\/svg\"><path d=\"M96 496V16c0-8.8-7.2-16-16-16H48c-8.8 0-16 7.2-16 16v480c0 8.8 7.2 16 16 16h32c8.8 0 16-7.2 16-16zm128 0V16c0-8.8-7.2-16-16-16h-32c-8.8 0-16 7.2-16 16v480c0 8.8 7.2 16 16 16h32c8.8 0 16-7.2 16-16z\"><\/path><\/svg>\t\t\t\t\t\t<\/span>\n\t\t\t\t\t\t\t\t\t\t<span class=\"elementor-icon-list-text\">Open every day <\/span>\n\t\t\t\t\t\t\t\t\t<\/li>\n\t\t\t\t\t\t\t\t<li class=\"elementor-icon-list-item elementor-inline-item\">\n\t\t\t\t\t\t\t\t\t\t\t<span class=\"elementor-icon-list-icon\">\n\t\t\t\t\t\t\t<svg aria-hidden=\"true\" class=\"e-font-icon-svg e-fas-grip-lines-vertical\" viewbox=\"0 0 256 512\" xmlns=\"http:\/\/www.w3.org\/2000\/svg\"><path d=\"M96 496V16c0-8.8-7.2-16-16-16H48c-8.8 0-16 7.2-16 16v480c0 8.8 7.2 16 16 16h32c8.8 0 16-7.2 16-16zm128 0V16c0-8.8-7.2-16-16-16h-32c-8.8 0-16 7.2-16 16v480c0 8.8 7.2 16 16 16h32c8.8 0 16-7.2 16-16z\"><\/path><\/svg>\t\t\t\t\t\t<\/span>\n\t\t\t\t\t\t\t\t\t\t<span class=\"elementor-icon-list-text\"> <\/span>\n\t\t\t\t\t\t\t\t\t<\/li>\n\t\t\t\t\t\t<\/ul>\n\t\t\t\t\t\t<\/div>\n\t\t\t\t<\/div>\n\t\t\t\t<div class=\"elementor-element elementor-element-2b36d843 text-left text--tabletcenter text--mobilecenter elementor-widget-tablet__width-initial elementor-widget elementor-widget-tp-heading-title\" data-id=\"2b36d843\" data-element_type=\"widget\" data-e-type=\"widget\" data-widget_type=\"tp-heading-title.default\">\n\t\t\t\t<div class=\"elementor-widget-container\">\n\t\t\t\t\t<div class=\"heading heading_style heading_style69e750ae7966f style-1\"  data-tp-gsap-heading-text=\"\" data-tp-gsap-sub-heading-text=\"\"><div class=\"sub-style\" ><div class=\"head-title\" > <h2  class=\"heading-title\"  data-hover=\"\u00c5bningstider\">Opening hours<span class=\"title-s\">  <\/span><\/h2><\/div><\/div><\/div>\t\t\t\t<\/div>\n\t\t\t\t<\/div>\n\t\t\t\t<div class=\"elementor-element elementor-element-5ce1d455 elementor-widget-tablet__width-initial elementor-widget-mobile__width-inherit elementor-widget elementor-widget-text-editor\" data-id=\"5ce1d455\" data-element_type=\"widget\" data-e-type=\"widget\" data-widget_type=\"text-editor.default\">\n\t\t\t\t<div class=\"elementor-widget-container\">\n\t\t\t\t\t\t\t\t\t<p data-start=\"210\" data-end=\"334\">We have training every day of the week - including weekends.<\/p><p data-start=\"210\" data-end=\"334\"><a href=\"https:\/\/joesboxinggym.dk\/en\/training-team\/\">Click here to find the shift times.<\/a><\/p>\t\t\t\t\t\t\t\t<\/div>\n\t\t\t\t<\/div>\n\t\t\t\t<div class=\"elementor-element elementor-element-beeee39 elementor-widget elementor-widget-elementskit-business-hours\" data-id=\"beeee39\" data-element_type=\"widget\" data-e-type=\"widget\" data-widget_type=\"elementskit-business-hours.default\">\n\t\t\t\t<div class=\"elementor-widget-container\">\n\t\t\t\t\t<div class=\"ekit-wid-con\" >\t\t<div class=\"ekit-business-hours-inner\">\n\t\t\t\t\t\t<div class=\"ekit-single-day elementor-repeater-item-fcd6716\">\n\t\t\t\t\t\t\t\t<span class=\"ekit-business-day\">Mondays<\/span>\n\t\t\t\t\t\t\t\t<span class=\"ekit-business-time\">16:00 - 20:00<\/span>\n\t\t\t\t\t\t\t<\/div>\n\t\t\t\t\t\t<div class=\"ekit-single-day elementor-repeater-item-2f4a26d\">\n\t\t\t\t\t\t\t\t<span class=\"ekit-business-day\">Tuesday<\/span>\n\t\t\t\t\t\t\t\t<span class=\"ekit-business-time\">16:00 - 20:00<\/span>\n\t\t\t\t\t\t\t<\/div>\n\t\t\t\t\t\t<div class=\"ekit-single-day elementor-repeater-item-38984bd\">\n\t\t\t\t\t\t\t\t<span class=\"ekit-business-day\">Wednesday<\/span>\n\t\t\t\t\t\t\t\t<span class=\"ekit-business-time\">16:00 - 20:00<\/span>\n\t\t\t\t\t\t\t<\/div>\n\t\t\t\t\t\t<div class=\"ekit-single-day elementor-repeater-item-f05e35c\">\n\t\t\t\t\t\t\t\t<span class=\"ekit-business-day\">Thursday<\/span>\n\t\t\t\t\t\t\t\t<span class=\"ekit-business-time\">16:00 - 20:00<\/span>\n\t\t\t\t\t\t\t<\/div>\n\t\t\t\t\t\t<div class=\"ekit-single-day elementor-repeater-item-34486bf\">\n\t\t\t\t\t\t\t\t<span class=\"ekit-business-day\">Friday - Morning box<\/span>\n\t\t\t\t\t\t\t\t<span class=\"ekit-business-time\">06:00 - 07:15<\/span>\n\t\t\t\t\t\t\t<\/div>\n\t\t\t\t\t\t<div class=\"ekit-single-day elementor-repeater-item-8ab21dd\">\n\t\t\t\t\t\t\t\t<span class=\"ekit-business-day\">Fridays<\/span>\n\t\t\t\t\t\t\t\t<span class=\"ekit-business-time\">15:30 - 18:00<\/span>\n\t\t\t\t\t\t\t<\/div>\n\t\t\t\t\t\t<div class=\"ekit-single-day elementor-repeater-item-2f701fd ekit-closed-day\">\n\t\t\t\t\t\t\t\t<span class=\"ekit-business-day\">SATURDAY<\/span>\n\t\t\t\t\t\t\t\t<span class=\"ekit-business-time\">09:30 - 12:00<\/span>\n\t\t\t\t\t\t\t<\/div>\n\t\t\t\t\t\t<div class=\"ekit-single-day elementor-repeater-item-10aa461 ekit-closed-day\">\n\t\t\t\t\t\t\t\t<span class=\"ekit-business-day\">Sunday<\/span>\n\t\t\t\t\t\t\t\t<span class=\"ekit-business-time\">09:30 - 12:00<\/span>\n\t\t\t\t\t\t\t<\/div>\n\t\t\t\t\t<\/div>\n        <\/div>\t\t\t\t<\/div>\n\t\t\t\t<\/div>\n\t\t\t\t<\/div>\n\t\t\t\t<\/div>\n\t\t\t\t<\/div>\n\t\t\t\t\t<\/div>\n\t\t\t\t<\/div>\n\t\t\t\t<\/div>","protected":false},"excerpt":{"rendered":"<p>\u00c5bningstider Forside \u25fc\ufe0e\u00c5bningstider \u00c5bent alle dage \u00c5bningstider Vi har tr\u00e6ning alle ugens dage \u2013 ogs\u00e5 i weekenden. Klik her for at finde holdtiderne. Mandag 16:00 &#8211; 20:00 Tirsdag 16:00 &#8211; 20:00 Onsdag 16:00 &#8211; 20:00 Torsdag 16:00 &#8211; 20:00 Fredag &#8211; Morgenboks 06:00 &#8211; 07:15 Fredag 15:30 &#8211; 18:00 L\u00f8rdag 09:30 &#8211; 12:00 S\u00f8ndag 09:30 [&hellip;]<\/p>\n","protected":false},"author":3,"featured_media":0,"parent":0,"menu_order":0,"comment_status":"closed","ping_status":"closed","template":"","meta":{"footnotes":""},"class_list":["post-679","page","type-page","status-publish","hentry"],"yoast_head":"<!-- This site is optimized with the Yoast SEO plugin v27.4 - https:\/\/yoast.com\/product\/yoast-seo-wordpress\/ -->\n<title>\u00c5bningstider - Joe&#039;s Boxing Gym<\/title>\n<meta name=\"description\" content=\"Joe&#039;s Boxing Gym tilbyder daglig motionsboksning i K\u00f8behavn NV\" \/>\n<meta name=\"robots\" content=\"index, follow, max-snippet:-1, max-image-preview:large, max-video-preview:-1\" \/>\n<link rel=\"canonical\" href=\"https:\/\/joesboxinggym.dk\/en\/opening-hours\/\" \/>\n<meta property=\"og:locale\" content=\"en_GB\" \/>\n<meta property=\"og:type\" content=\"article\" \/>\n<meta property=\"og:title\" content=\"\u00c5bningstider - Joe&#039;s Boxing Gym\" \/>\n<meta property=\"og:description\" content=\"Joe&#039;s Boxing Gym tilbyder daglig motionsboksning i K\u00f8behavn NV\" \/>\n<meta property=\"og:url\" content=\"https:\/\/joesboxinggym.dk\/en\/opening-hours\/\" \/>\n<meta property=\"og:site_name\" content=\"Joe&#039;s Boxing Gym\" \/>\n<meta property=\"article:publisher\" content=\"https:\/\/www.facebook.com\/joesboxinggym\" \/>\n<meta property=\"article:modified_time\" content=\"2026-02-06T17:23:17+00:00\" \/>\n<meta property=\"og:image\" content=\"https:\/\/joesboxinggym.dk\/wp-content\/uploads\/2025\/09\/aabningstider-boks.jpg\" \/>\n\t<meta property=\"og:image:width\" content=\"2119\" \/>\n\t<meta property=\"og:image:height\" content=\"1413\" \/>\n\t<meta property=\"og:image:type\" content=\"image\/jpeg\" \/>\n<meta name=\"twitter:card\" content=\"summary_large_image\" \/>\n<meta name=\"twitter:label1\" content=\"Estimated reading time\" \/>\n\t<meta name=\"twitter:data1\" content=\"1 minute\" \/>\n<script type=\"application\/ld+json\" class=\"yoast-schema-graph\">{\"@context\":\"https:\\\/\\\/schema.org\",\"@graph\":[{\"@type\":\"WebPage\",\"@id\":\"https:\\\/\\\/joesboxinggym.dk\\\/aabningstider\\\/\",\"url\":\"https:\\\/\\\/joesboxinggym.dk\\\/aabningstider\\\/\",\"name\":\"\u00c5bningstider - Joe&#039;s Boxing Gym\",\"isPartOf\":{\"@id\":\"https:\\\/\\\/joesboxinggym.dk\\\/#website\"},\"primaryImageOfPage\":{\"@id\":\"https:\\\/\\\/joesboxinggym.dk\\\/aabningstider\\\/#primaryimage\"},\"image\":{\"@id\":\"https:\\\/\\\/joesboxinggym.dk\\\/aabningstider\\\/#primaryimage\"},\"thumbnailUrl\":\"https:\\\/\\\/joesboxinggym.dk\\\/wp-content\\\/uploads\\\/2025\\\/09\\\/aabningstider-boks-1536x1024.jpg\",\"datePublished\":\"2025-06-27T08:49:35+00:00\",\"dateModified\":\"2026-02-06T17:23:17+00:00\",\"description\":\"Joe's Boxing Gym tilbyder daglig motionsboksning i K\u00f8behavn NV\",\"breadcrumb\":{\"@id\":\"https:\\\/\\\/joesboxinggym.dk\\\/aabningstider\\\/#breadcrumb\"},\"inLanguage\":\"en-GB\",\"potentialAction\":[{\"@type\":\"ReadAction\",\"target\":[\"https:\\\/\\\/joesboxinggym.dk\\\/aabningstider\\\/\"]}]},{\"@type\":\"ImageObject\",\"inLanguage\":\"en-GB\",\"@id\":\"https:\\\/\\\/joesboxinggym.dk\\\/aabningstider\\\/#primaryimage\",\"url\":\"https:\\\/\\\/joesboxinggym.dk\\\/wp-content\\\/uploads\\\/2025\\\/09\\\/aabningstider-boks-1536x1024.jpg\",\"contentUrl\":\"https:\\\/\\\/joesboxinggym.dk\\\/wp-content\\\/uploads\\\/2025\\\/09\\\/aabningstider-boks-1536x1024.jpg\"},{\"@type\":\"BreadcrumbList\",\"@id\":\"https:\\\/\\\/joesboxinggym.dk\\\/aabningstider\\\/#breadcrumb\",\"itemListElement\":[{\"@type\":\"ListItem\",\"position\":1,\"name\":\"Home\",\"item\":\"https:\\\/\\\/joesboxinggym.dk\\\/\"},{\"@type\":\"ListItem\",\"position\":2,\"name\":\"\u00c5bningstider\"}]},{\"@type\":\"WebSite\",\"@id\":\"https:\\\/\\\/joesboxinggym.dk\\\/#website\",\"url\":\"https:\\\/\\\/joesboxinggym.dk\\\/\",\"name\":\"Joe's Boxing Gym\",\"description\":\"Motionsboksning i K\u00f8benhavn\",\"publisher\":{\"@id\":\"https:\\\/\\\/joesboxinggym.dk\\\/#organization\"},\"potentialAction\":[{\"@type\":\"SearchAction\",\"target\":{\"@type\":\"EntryPoint\",\"urlTemplate\":\"https:\\\/\\\/joesboxinggym.dk\\\/?s={search_term_string}\"},\"query-input\":{\"@type\":\"PropertyValueSpecification\",\"valueRequired\":true,\"valueName\":\"search_term_string\"}}],\"inLanguage\":\"en-GB\"},{\"@type\":\"Organization\",\"@id\":\"https:\\\/\\\/joesboxinggym.dk\\\/#organization\",\"name\":\"Joe's Boxing Gym\",\"url\":\"https:\\\/\\\/joesboxinggym.dk\\\/\",\"logo\":{\"@type\":\"ImageObject\",\"inLanguage\":\"en-GB\",\"@id\":\"https:\\\/\\\/joesboxinggym.dk\\\/#\\\/schema\\\/logo\\\/image\\\/\",\"url\":\"https:\\\/\\\/joesboxinggym.dk\\\/wp-content\\\/uploads\\\/2025\\\/06\\\/Joes_boxing_gym_logo_website_168x101px.png\",\"contentUrl\":\"https:\\\/\\\/joesboxinggym.dk\\\/wp-content\\\/uploads\\\/2025\\\/06\\\/Joes_boxing_gym_logo_website_168x101px.png\",\"width\":168,\"height\":101,\"caption\":\"Joe's Boxing Gym\"},\"image\":{\"@id\":\"https:\\\/\\\/joesboxinggym.dk\\\/#\\\/schema\\\/logo\\\/image\\\/\"},\"sameAs\":[\"https:\\\/\\\/www.facebook.com\\\/joesboxinggym\"]}]}<\/script>\n<!-- \/ Yoast SEO plugin. -->","yoast_head_json":{"title":"Opening hours - Joe's Boxing Gym","description":"Joe's Boxing Gym offers daily fitness boxing in K\u00f8behavn NV","robots":{"index":"index","follow":"follow","max-snippet":"max-snippet:-1","max-image-preview":"max-image-preview:large","max-video-preview":"max-video-preview:-1"},"canonical":"https:\/\/joesboxinggym.dk\/en\/opening-hours\/","og_locale":"en_GB","og_type":"article","og_title":"\u00c5bningstider - Joe&#039;s Boxing Gym","og_description":"Joe's Boxing Gym tilbyder daglig motionsboksning i K\u00f8behavn NV","og_url":"https:\/\/joesboxinggym.dk\/en\/opening-hours\/","og_site_name":"Joe&#039;s Boxing Gym","article_publisher":"https:\/\/www.facebook.com\/joesboxinggym","article_modified_time":"2026-02-06T17:23:17+00:00","og_image":[{"width":2119,"height":1413,"url":"https:\/\/joesboxinggym.dk\/wp-content\/uploads\/2025\/09\/aabningstider-boks.jpg","type":"image\/jpeg"}],"twitter_card":"summary_large_image","twitter_misc":{"Estimated reading time":"1 minute"},"schema":{"@context":"https:\/\/schema.org","@graph":[{"@type":"WebPage","@id":"https:\/\/joesboxinggym.dk\/aabningstider\/","url":"https:\/\/joesboxinggym.dk\/aabningstider\/","name":"Opening hours - Joe's Boxing Gym","isPartOf":{"@id":"https:\/\/joesboxinggym.dk\/#website"},"primaryImageOfPage":{"@id":"https:\/\/joesboxinggym.dk\/aabningstider\/#primaryimage"},"image":{"@id":"https:\/\/joesboxinggym.dk\/aabningstider\/#primaryimage"},"thumbnailUrl":"https:\/\/joesboxinggym.dk\/wp-content\/uploads\/2025\/09\/aabningstider-boks-1536x1024.jpg","datePublished":"2025-06-27T08:49:35+00:00","dateModified":"2026-02-06T17:23:17+00:00","description":"Joe's Boxing Gym offers daily fitness boxing in K\u00f8behavn NV","breadcrumb":{"@id":"https:\/\/joesboxinggym.dk\/aabningstider\/#breadcrumb"},"inLanguage":"en-GB","potentialAction":[{"@type":"ReadAction","target":["https:\/\/joesboxinggym.dk\/aabningstider\/"]}]},{"@type":"ImageObject","inLanguage":"en-GB","@id":"https:\/\/joesboxinggym.dk\/aabningstider\/#primaryimage","url":"https:\/\/joesboxinggym.dk\/wp-content\/uploads\/2025\/09\/aabningstider-boks-1536x1024.jpg","contentUrl":"https:\/\/joesboxinggym.dk\/wp-content\/uploads\/2025\/09\/aabningstider-boks-1536x1024.jpg"},{"@type":"BreadcrumbList","@id":"https:\/\/joesboxinggym.dk\/aabningstider\/#breadcrumb","itemListElement":[{"@type":"ListItem","position":1,"name":"Home","item":"https:\/\/joesboxinggym.dk\/"},{"@type":"ListItem","position":2,"name":"\u00c5bningstider"}]},{"@type":"WebSite","@id":"https:\/\/joesboxinggym.dk\/#website","url":"https:\/\/joesboxinggym.dk\/","name":"Joe's Boxing Gym","description":"Fitness boxing in Copenhagen","publisher":{"@id":"https:\/\/joesboxinggym.dk\/#organization"},"potentialAction":[{"@type":"SearchAction","target":{"@type":"EntryPoint","urlTemplate":"https:\/\/joesboxinggym.dk\/?s={search_term_string}"},"query-input":{"@type":"PropertyValueSpecification","valueRequired":true,"valueName":"search_term_string"}}],"inLanguage":"en-GB"},{"@type":"Organization","@id":"https:\/\/joesboxinggym.dk\/#organization","name":"Joe's Boxing Gym","url":"https:\/\/joesboxinggym.dk\/","logo":{"@type":"ImageObject","inLanguage":"en-GB","@id":"https:\/\/joesboxinggym.dk\/#\/schema\/logo\/image\/","url":"https:\/\/joesboxinggym.dk\/wp-content\/uploads\/2025\/06\/Joes_boxing_gym_logo_website_168x101px.png","contentUrl":"https:\/\/joesboxinggym.dk\/wp-content\/uploads\/2025\/06\/Joes_boxing_gym_logo_website_168x101px.png","width":168,"height":101,"caption":"Joe's Boxing Gym"},"image":{"@id":"https:\/\/joesboxinggym.dk\/#\/schema\/logo\/image\/"},"sameAs":["https:\/\/www.facebook.com\/joesboxinggym"]}]}},"_links":{"self":[{"href":"https:\/\/joesboxinggym.dk\/en\/wp-json\/wp\/v2\/pages\/679","targetHints":{"allow":["GET"]}}],"collection":[{"href":"https:\/\/joesboxinggym.dk\/en\/wp-json\/wp\/v2\/pages"}],"about":[{"href":"https:\/\/joesboxinggym.dk\/en\/wp-json\/wp\/v2\/types\/page"}],"author":[{"embeddable":true,"href":"https:\/\/joesboxinggym.dk\/en\/wp-json\/wp\/v2\/users\/3"}],"replies":[{"embeddable":true,"href":"https:\/\/joesboxinggym.dk\/en\/wp-json\/wp\/v2\/comments?post=679"}],"version-history":[{"count":52,"href":"https:\/\/joesboxinggym.dk\/en\/wp-json\/wp\/v2\/pages\/679\/revisions"}],"predecessor-version":[{"id":2791,"href":"https:\/\/joesboxinggym.dk\/en\/wp-json\/wp\/v2\/pages\/679\/revisions\/2791"}],"wp:attachment":[{"href":"https:\/\/joesboxinggym.dk\/en\/wp-json\/wp\/v2\/media?parent=679"}],"curies":[{"name":"wp","href":"https:\/\/api.w.org\/{rel}","templated":true}]}}